{"id":1068,"date":"2016-03-15T08:07:13","date_gmt":"2016-03-15T07:07:13","guid":{"rendered":"http:\/\/aib-kretzschmar.de\/cms\/?page_id=1068"},"modified":"2016-03-15T08:13:10","modified_gmt":"2016-03-15T07:13:10","slug":"fucikschule-zwickau","status":"publish","type":"page","link":"https:\/\/aib-kretzschmar.de\/cms\/?page_id=1068","title":{"rendered":"Fucikschule Zwickau"},"content":{"rendered":"<div id=\"pl-1068\"  class=\"panel-layout\" ><div id=\"pg-1068-0\"  class=\"panel-grid panel-has-style\" ><div style=\"padding: 100px 0; \" data-overlay=\"true\" class=\"panel-row-style panel-row-style-for-1068-0\" ><div id=\"pgc-1068-0-0\"  class=\"panel-grid-cell\" ><div id=\"panel-1068-0-0-0\" class=\"so-panel widget widget_sow-image panel-first-child panel-last-child\" data-index=\"0\" ><div\n\t\t\t\n\t\t\tclass=\"so-widget-sow-image so-widget-sow-image-default-dbf295114b96-1068\"\n\t\t\t\n\t\t>\n<div class=\"sow-image-container\">\n\t\t<img \n\tsrc=\"https:\/\/aib-kretzschmar.de\/cms\/wp-content\/uploads\/2016\/03\/Ansicht.jpg\" title=\"Ansicht Fucikschule\" alt=\"\" \t\tclass=\"so-widget-image\"\/>\n\t<\/div>\n\n<\/div><\/div><\/div><div id=\"pgc-1068-0-1\"  class=\"panel-grid-cell\" ><div id=\"panel-1068-0-1-0\" class=\"so-panel widget widget_sow-editor panel-first-child panel-last-child\" data-index=\"1\" ><div\n\t\t\t\n\t\t\tclass=\"so-widget-sow-editor so-widget-sow-editor-base\"\n\t\t\t\n\t\t><h3 class=\"widget-title\">Fucikschule Zwickau<\/h3>\n<div class=\"siteorigin-widget-tinymce textwidget\">\n\t<p>F\u00fcr die 2016-2017 vorgesehene Sanierung der Fucikschule (Oberschule) in Zwickau haben wir f\u00fcr die Stadt Zwickau den F\u00f6rdermittelantrag erarbeitet.<\/p>\n<\/div>\n<\/div><\/div><\/div><\/div><\/div><\/div>","protected":false},"excerpt":{"rendered":"<p>F\u00fcr die 2016-2017 vorgesehene Sanierung der Fucikschule (Oberschule) in Zwickau haben wir f\u00fcr die Stadt Zwickau den F\u00f6rdermittelantrag erarbeitet.<\/p>\n","protected":false},"author":2,"featured_media":0,"parent":849,"menu_order":2,"comment_status":"closed","ping_status":"closed","template":"","meta":{"ngg_post_thumbnail":0,"footnotes":""},"class_list":["post-1068","page","type-page","status-publish","hentry"],"_links":{"self":[{"href":"https:\/\/aib-kretzschmar.de\/cms\/index.php?rest_route=\/wp\/v2\/pages\/1068","targetHints":{"allow":["GET"]}}],"collection":[{"href":"https:\/\/aib-kretzschmar.de\/cms\/index.php?rest_route=\/wp\/v2\/pages"}],"about":[{"href":"https:\/\/aib-kretzschmar.de\/cms\/index.php?rest_route=\/wp\/v2\/types\/page"}],"author":[{"embeddable":true,"href":"https:\/\/aib-kretzschmar.de\/cms\/index.php?rest_route=\/wp\/v2\/users\/2"}],"replies":[{"embeddable":true,"href":"https:\/\/aib-kretzschmar.de\/cms\/index.php?rest_route=%2Fwp%2Fv2%2Fcomments&post=1068"}],"version-history":[{"count":3,"href":"https:\/\/aib-kretzschmar.de\/cms\/index.php?rest_route=\/wp\/v2\/pages\/1068\/revisions"}],"predecessor-version":[{"id":1072,"href":"https:\/\/aib-kretzschmar.de\/cms\/index.php?rest_route=\/wp\/v2\/pages\/1068\/revisions\/1072"}],"up":[{"embeddable":true,"href":"https:\/\/aib-kretzschmar.de\/cms\/index.php?rest_route=\/wp\/v2\/pages\/849"}],"wp:attachment":[{"href":"https:\/\/aib-kretzschmar.de\/cms\/index.php?rest_route=%2Fwp%2Fv2%2Fmedia&parent=1068"}],"curies":[{"name":"wp","href":"https:\/\/api.w.org\/{rel}","templated":true}]}}