{"id":1184,"date":"2017-11-08T14:47:41","date_gmt":"2017-11-08T13:47:41","guid":{"rendered":"http:\/\/aib-kretzschmar.de\/cms\/?page_id=1184"},"modified":"2017-11-08T15:08:40","modified_gmt":"2017-11-08T14:08:40","slug":"sanierung-fucikschule-zwickau-1-teilbauabschnitt-3-og","status":"publish","type":"page","link":"https:\/\/aib-kretzschmar.de\/cms\/?page_id=1184","title":{"rendered":"Sanierung Fucikschule Zwickau \/ 1.Teilbauabschnitt \/ 3.OG"},"content":{"rendered":"<div id=\"pl-1184\"  class=\"panel-layout\" ><div id=\"pg-1184-0\"  class=\"panel-grid panel-has-style\" ><div style=\"padding: 30px 0; \" data-overlay=\"true\" data-overlay-color=\"#000000\" class=\"panel-row-style panel-row-style-for-1184-0\" ><div id=\"pgc-1184-0-0\"  class=\"panel-grid-cell\" ><div id=\"panel-1184-0-0-0\" class=\"so-panel widget widget_sow-editor panel-first-child panel-last-child\" data-index=\"0\" ><div style=\"text-align: left;\" data-title-color=\"#443f3f\" data-headings-color=\"#443f3f\" class=\"panel-widget-style panel-widget-style-for-1184-0-0-0\" ><div\n\t\t\t\n\t\t\tclass=\"so-widget-sow-editor so-widget-sow-editor-base\"\n\t\t\t\n\t\t>\n<div class=\"siteorigin-widget-tinymce textwidget\">\n\t<h5><span style=\"color: #333333;\">Ausf\u00fchrungszeitraum: Juni 2017 - Juli 2019 (Gesamtma\u00dfnahme)<\/span><\/h5>\n<h5><span style=\"color: #333333;\">Leistungsphasen: 1-8<\/span><\/h5>\n<h5><span style=\"color: #333333;\">Baukosten (KG 300+400): rd. 2,18 Mio \u20ac (Gesamtma\u00dfnahme)<\/span><\/h5>\n<h5><span style=\"color: #333333;\">Bauherr: Stadt Zwickau, Liegenschafts- und Hochbauamt<\/span><\/h5>\n<\/div>\n<\/div><\/div><\/div><\/div><\/div><\/div><div id=\"pg-1184-1\"  class=\"panel-grid panel-has-style\" ><div style=\"padding: 30px 0; \" data-overlay=\"true\" data-overlay-color=\"#000000\" class=\"panel-row-style panel-row-style-for-1184-1\" ><div id=\"pgc-1184-1-0\"  class=\"panel-grid-cell\" ><div id=\"panel-1184-1-0-0\" class=\"so-panel widget widget_sow-slider panel-first-child panel-last-child\" data-index=\"1\" ><div style=\"text-align: left;\" data-title-color=\"#443f3f\" data-headings-color=\"#443f3f\" class=\"panel-widget-style panel-widget-style-for-1184-1-0-0\" ><div\n\t\t\t\n\t\t\tclass=\"so-widget-sow-slider so-widget-sow-slider-default-6d39609536fd-1184\"\n\t\t\t\n\t\t>\t\t\t\t<div class=\"sow-slider-base\" style=\"display: none\" tabindex=\"0\">\n\t\t\t\t\t<ul\n\t\t\t\t\tclass=\"sow-slider-images\"\n\t\t\t\t\tdata-settings=\"{&quot;pagination&quot;:true,&quot;speed&quot;:800,&quot;timeout&quot;:8000,&quot;paused&quot;:false,&quot;pause_on_hover&quot;:false,&quot;swipe&quot;:true,&quot;nav_always_show_desktop&quot;:&quot;&quot;,&quot;nav_always_show_mobile&quot;:&quot;&quot;,&quot;breakpoint&quot;:&quot;780px&quot;,&quot;unmute&quot;:false,&quot;anchor&quot;:null}\"\n\t\t\t\t\t\t\t\t\t\tdata-anchor-id=\"\"\n\t\t\t\t>\t\t<li class=\"sow-slider-image\" style=\"visibility: visible;\" >\n\t\t\t\t\t\t<img loading=\"lazy\" decoding=\"async\" width=\"2383\" height=\"3177\" src=\"https:\/\/aib-kretzschmar.de\/cms\/wp-content\/uploads\/2017\/11\/20171031_145722-01.jpeg\" class=\"sow-slider-background-image\" alt=\"\" style=\"\" srcset=\"https:\/\/aib-kretzschmar.de\/cms\/wp-content\/uploads\/2017\/11\/20171031_145722-01.jpeg 2383w, https:\/\/aib-kretzschmar.de\/cms\/wp-content\/uploads\/2017\/11\/20171031_145722-01-225x300.jpeg 225w, https:\/\/aib-kretzschmar.de\/cms\/wp-content\/uploads\/2017\/11\/20171031_145722-01-768x1024.jpeg 768w, https:\/\/aib-kretzschmar.de\/cms\/wp-content\/uploads\/2017\/11\/20171031_145722-01-830x1107.jpeg 830w, https:\/\/aib-kretzschmar.de\/cms\/wp-content\/uploads\/2017\/11\/20171031_145722-01-230x307.jpeg 230w, https:\/\/aib-kretzschmar.de\/cms\/wp-content\/uploads\/2017\/11\/20171031_145722-01-350x467.jpeg 350w, https:\/\/aib-kretzschmar.de\/cms\/wp-content\/uploads\/2017\/11\/20171031_145722-01-480x640.jpeg 480w\" sizes=\"auto, (max-width: 2383px) 100vw, 2383px\" \/>\t\t<\/li>\n\t\t\t\t<li class=\"sow-slider-image\" style=\"visibility: hidden;\" >\n\t\t\t\t\t\t<img loading=\"lazy\" decoding=\"async\" width=\"1181\" height=\"1181\" src=\"https:\/\/aib-kretzschmar.de\/cms\/wp-content\/uploads\/2017\/11\/FOS-3OG-9-von-9.jpg\" class=\"sow-slider-background-image\" alt=\"\" style=\"\" srcset=\"https:\/\/aib-kretzschmar.de\/cms\/wp-content\/uploads\/2017\/11\/FOS-3OG-9-von-9.jpg 1181w, https:\/\/aib-kretzschmar.de\/cms\/wp-content\/uploads\/2017\/11\/FOS-3OG-9-von-9-150x150.jpg 150w, https:\/\/aib-kretzschmar.de\/cms\/wp-content\/uploads\/2017\/11\/FOS-3OG-9-von-9-300x300.jpg 300w, https:\/\/aib-kretzschmar.de\/cms\/wp-content\/uploads\/2017\/11\/FOS-3OG-9-von-9-768x768.jpg 768w, https:\/\/aib-kretzschmar.de\/cms\/wp-content\/uploads\/2017\/11\/FOS-3OG-9-von-9-1024x1024.jpg 1024w, https:\/\/aib-kretzschmar.de\/cms\/wp-content\/uploads\/2017\/11\/FOS-3OG-9-von-9-830x830.jpg 830w, https:\/\/aib-kretzschmar.de\/cms\/wp-content\/uploads\/2017\/11\/FOS-3OG-9-von-9-230x230.jpg 230w, https:\/\/aib-kretzschmar.de\/cms\/wp-content\/uploads\/2017\/11\/FOS-3OG-9-von-9-350x350.jpg 350w, https:\/\/aib-kretzschmar.de\/cms\/wp-content\/uploads\/2017\/11\/FOS-3OG-9-von-9-480x480.jpg 480w\" sizes=\"auto, (max-width: 1181px) 100vw, 1181px\" \/>\t\t<\/li>\n\t\t\t\t<li class=\"sow-slider-image\" style=\"visibility: hidden;\" >\n\t\t\t\t\t\t<img loading=\"lazy\" decoding=\"async\" width=\"1181\" height=\"886\" src=\"https:\/\/aib-kretzschmar.de\/cms\/wp-content\/uploads\/2017\/11\/FOS-3OG-6-von-9.jpg\" class=\"sow-slider-background-image\" alt=\"\" style=\"\" srcset=\"https:\/\/aib-kretzschmar.de\/cms\/wp-content\/uploads\/2017\/11\/FOS-3OG-6-von-9.jpg 1181w, https:\/\/aib-kretzschmar.de\/cms\/wp-content\/uploads\/2017\/11\/FOS-3OG-6-von-9-300x225.jpg 300w, https:\/\/aib-kretzschmar.de\/cms\/wp-content\/uploads\/2017\/11\/FOS-3OG-6-von-9-768x576.jpg 768w, https:\/\/aib-kretzschmar.de\/cms\/wp-content\/uploads\/2017\/11\/FOS-3OG-6-von-9-1024x768.jpg 1024w, https:\/\/aib-kretzschmar.de\/cms\/wp-content\/uploads\/2017\/11\/FOS-3OG-6-von-9-830x623.jpg 830w, https:\/\/aib-kretzschmar.de\/cms\/wp-content\/uploads\/2017\/11\/FOS-3OG-6-von-9-230x173.jpg 230w, https:\/\/aib-kretzschmar.de\/cms\/wp-content\/uploads\/2017\/11\/FOS-3OG-6-von-9-350x263.jpg 350w, https:\/\/aib-kretzschmar.de\/cms\/wp-content\/uploads\/2017\/11\/FOS-3OG-6-von-9-480x360.jpg 480w\" sizes=\"auto, (max-width: 1181px) 100vw, 1181px\" \/>\t\t<\/li>\n\t\t\t\t<li class=\"sow-slider-image\" style=\"visibility: hidden;\" >\n\t\t\t\t\t\t<img loading=\"lazy\" decoding=\"async\" width=\"1181\" height=\"886\" src=\"https:\/\/aib-kretzschmar.de\/cms\/wp-content\/uploads\/2017\/11\/FOS-3OG-4-von-9.jpg\" class=\"sow-slider-background-image\" alt=\"\" style=\"\" srcset=\"https:\/\/aib-kretzschmar.de\/cms\/wp-content\/uploads\/2017\/11\/FOS-3OG-4-von-9.jpg 1181w, https:\/\/aib-kretzschmar.de\/cms\/wp-content\/uploads\/2017\/11\/FOS-3OG-4-von-9-300x225.jpg 300w, https:\/\/aib-kretzschmar.de\/cms\/wp-content\/uploads\/2017\/11\/FOS-3OG-4-von-9-768x576.jpg 768w, https:\/\/aib-kretzschmar.de\/cms\/wp-content\/uploads\/2017\/11\/FOS-3OG-4-von-9-1024x768.jpg 1024w, https:\/\/aib-kretzschmar.de\/cms\/wp-content\/uploads\/2017\/11\/FOS-3OG-4-von-9-830x623.jpg 830w, https:\/\/aib-kretzschmar.de\/cms\/wp-content\/uploads\/2017\/11\/FOS-3OG-4-von-9-230x173.jpg 230w, https:\/\/aib-kretzschmar.de\/cms\/wp-content\/uploads\/2017\/11\/FOS-3OG-4-von-9-350x263.jpg 350w, https:\/\/aib-kretzschmar.de\/cms\/wp-content\/uploads\/2017\/11\/FOS-3OG-4-von-9-480x360.jpg 480w\" sizes=\"auto, (max-width: 1181px) 100vw, 1181px\" \/>\t\t<\/li>\n\t\t\t\t<li class=\"sow-slider-image\" style=\"visibility: hidden;\" >\n\t\t\t\t\t\t<img loading=\"lazy\" decoding=\"async\" width=\"1181\" height=\"886\" src=\"https:\/\/aib-kretzschmar.de\/cms\/wp-content\/uploads\/2017\/11\/FOS-3OG-10-von-10.jpg\" class=\"sow-slider-background-image\" alt=\"\" style=\"\" srcset=\"https:\/\/aib-kretzschmar.de\/cms\/wp-content\/uploads\/2017\/11\/FOS-3OG-10-von-10.jpg 1181w, https:\/\/aib-kretzschmar.de\/cms\/wp-content\/uploads\/2017\/11\/FOS-3OG-10-von-10-300x225.jpg 300w, https:\/\/aib-kretzschmar.de\/cms\/wp-content\/uploads\/2017\/11\/FOS-3OG-10-von-10-768x576.jpg 768w, https:\/\/aib-kretzschmar.de\/cms\/wp-content\/uploads\/2017\/11\/FOS-3OG-10-von-10-1024x768.jpg 1024w, https:\/\/aib-kretzschmar.de\/cms\/wp-content\/uploads\/2017\/11\/FOS-3OG-10-von-10-830x623.jpg 830w, https:\/\/aib-kretzschmar.de\/cms\/wp-content\/uploads\/2017\/11\/FOS-3OG-10-von-10-230x173.jpg 230w, https:\/\/aib-kretzschmar.de\/cms\/wp-content\/uploads\/2017\/11\/FOS-3OG-10-von-10-350x263.jpg 350w, https:\/\/aib-kretzschmar.de\/cms\/wp-content\/uploads\/2017\/11\/FOS-3OG-10-von-10-480x360.jpg 480w\" sizes=\"auto, (max-width: 1181px) 100vw, 1181px\" \/>\t\t<\/li>\n\t\t\t\t<li class=\"sow-slider-image\" style=\"visibility: hidden;\" >\n\t\t\t\t\t\t<img loading=\"lazy\" decoding=\"async\" width=\"1181\" height=\"886\" src=\"https:\/\/aib-kretzschmar.de\/cms\/wp-content\/uploads\/2017\/11\/FOS-3OG-3-von-9.jpg\" class=\"sow-slider-background-image\" alt=\"\" style=\"\" srcset=\"https:\/\/aib-kretzschmar.de\/cms\/wp-content\/uploads\/2017\/11\/FOS-3OG-3-von-9.jpg 1181w, https:\/\/aib-kretzschmar.de\/cms\/wp-content\/uploads\/2017\/11\/FOS-3OG-3-von-9-300x225.jpg 300w, https:\/\/aib-kretzschmar.de\/cms\/wp-content\/uploads\/2017\/11\/FOS-3OG-3-von-9-768x576.jpg 768w, https:\/\/aib-kretzschmar.de\/cms\/wp-content\/uploads\/2017\/11\/FOS-3OG-3-von-9-1024x768.jpg 1024w, https:\/\/aib-kretzschmar.de\/cms\/wp-content\/uploads\/2017\/11\/FOS-3OG-3-von-9-830x623.jpg 830w, https:\/\/aib-kretzschmar.de\/cms\/wp-content\/uploads\/2017\/11\/FOS-3OG-3-von-9-230x173.jpg 230w, https:\/\/aib-kretzschmar.de\/cms\/wp-content\/uploads\/2017\/11\/FOS-3OG-3-von-9-350x263.jpg 350w, https:\/\/aib-kretzschmar.de\/cms\/wp-content\/uploads\/2017\/11\/FOS-3OG-3-von-9-480x360.jpg 480w\" sizes=\"auto, (max-width: 1181px) 100vw, 1181px\" \/>\t\t<\/li>\n\t\t<\/ul>\t\t\t\t<ol class=\"sow-slider-pagination\">\n\t\t\t\t\t\t\t\t\t\t\t<li><a href=\"#\" data-goto=\"0\" aria-label=\"Display slide 1\"><\/a><\/li>\n\t\t\t\t\t\t\t\t\t\t\t<li><a href=\"#\" data-goto=\"1\" aria-label=\"Display slide 2\"><\/a><\/li>\n\t\t\t\t\t\t\t\t\t\t\t<li><a href=\"#\" data-goto=\"2\" aria-label=\"Display slide 3\"><\/a><\/li>\n\t\t\t\t\t\t\t\t\t\t\t<li><a href=\"#\" data-goto=\"3\" aria-label=\"Display slide 4\"><\/a><\/li>\n\t\t\t\t\t\t\t\t\t\t\t<li><a href=\"#\" data-goto=\"4\" aria-label=\"Display slide 5\"><\/a><\/li>\n\t\t\t\t\t\t\t\t\t\t\t<li><a href=\"#\" data-goto=\"5\" aria-label=\"Display slide 6\"><\/a><\/li>\n\t\t\t\t\t\t\t\t\t<\/ol>\n\n\t\t\t\t<div class=\"sow-slide-nav sow-slide-nav-next\">\n\t\t\t\t\t<a href=\"#\" data-goto=\"next\" aria-label=\"Next slide\" data-action=\"next\">\n\t\t\t\t\t\t<em class=\"sow-sld-icon-thin-right\"><\/em>\n\t\t\t\t\t<\/a>\n\t\t\t\t<\/div>\n\n\t\t\t\t<div class=\"sow-slide-nav sow-slide-nav-prev\">\n\t\t\t\t\t<a href=\"#\" data-goto=\"previous\" aria-label=\"Previous slide\" data-action=\"prev\">\n\t\t\t\t\t\t<em class=\"sow-sld-icon-thin-left\"><\/em>\n\t\t\t\t\t<\/a>\n\t\t\t\t<\/div>\n\t\t\t\t<\/div><\/div><\/div><\/div><\/div><div id=\"pgc-1184-1-1\"  class=\"panel-grid-cell panel-grid-cell-empty\" ><\/div><div id=\"pgc-1184-1-2\"  class=\"panel-grid-cell\" ><div id=\"panel-1184-1-2-0\" class=\"so-panel widget widget_sow-editor panel-first-child panel-last-child\" data-index=\"2\" ><div style=\"text-align: left;\" data-title-color=\"#443f3f\" data-headings-color=\"#443f3f\" class=\"panel-widget-style panel-widget-style-for-1184-1-2-0\" ><div\n\t\t\t\n\t\t\tclass=\"so-widget-sow-editor so-widget-sow-editor-base\"\n\t\t\t\n\t\t>\n<div class=\"siteorigin-widget-tinymce textwidget\">\n\t<p style=\"text-align: justify;\">Der erste Schritt ist vollbracht. Mit der heutigen Woche bezieht die Schule das sanierte 3.OG und zieht gleichzeitig das 2.OG f\u00fcr den bis Ende Februar 2018 geplanten 2. Teilbauabschnitt frei.<br \/>Im Zuge des 1.TBA wurden im 3.OG s\u00e4mtliche Fenster ausgetauscht, in den Klassen- und Fachkabinetten Akustikdecken eingebaut, nahezu alle T\u00fcren erneuert, vorhandene Parkettfu\u00dfb\u00f6den in den Klassenr\u00e4umen aufgearbeitet sowie neue Vinylb\u00f6den in\u00a0<span class=\"text_exposed_show\">den Nebenr\u00e4umen verlegt. Zus\u00e4tzlich wurde in einem Klassenraum eine mobile Trennwand eingebaut, die es erm\u00f6glicht, zwei R\u00e4ume zu einem gro\u00dfen Konferenzraum zusammenzuschalten. Die Wandbeschichtungen wurden erneuert bzw. \u00fcberholt. Bei der Farbgestaltung orientierten wir uns an der bereits durch die Schule eingef\u00fchrte Farbhierarchie, in diesem Fall blau.<\/span><\/p>\n<div class=\"text_exposed_show\">\n<p style=\"text-align: justify;\">Wir danken der Schulleitung, der Lehrerschaft und nat\u00fcrlich den Sch\u00fclern f\u00fcr ihre R\u00fccksicht und Zusammenarbeit, da wir wissen, dass eine Sanierung unter Nutzung nicht ohne Kompromissbereitschaft m\u00f6glich ist und hoffen auf eine ebenso gute Zusammenarbeit bei den noch folgenden Bauabschnitten.<\/p>\n<\/div>\n<\/div>\n<\/div><\/div><\/div><\/div><\/div><\/div><\/div>","protected":false},"excerpt":{"rendered":"<p>Ausf\u00fchrungszeitraum: Juni 2017 &#8211; Juli 2019 (Gesamtma\u00dfnahme)Leistungsphasen: 1-8Baukosten (KG 300+400): rd. 2,18 Mio \u20ac (Gesamtma\u00dfnahme)Bauherr: Stadt Zwickau, Liegenschafts- und Hochbauamt Der erste [&hellip;]<\/p>\n","protected":false},"author":2,"featured_media":0,"parent":1158,"menu_order":2,"comment_status":"closed","ping_status":"closed","template":"","meta":{"ngg_post_thumbnail":0,"footnotes":""},"class_list":["post-1184","page","type-page","status-publish","hentry"],"_links":{"self":[{"href":"https:\/\/aib-kretzschmar.de\/cms\/index.php?rest_route=\/wp\/v2\/pages\/1184","targetHints":{"allow":["GET"]}}],"collection":[{"href":"https:\/\/aib-kretzschmar.de\/cms\/index.php?rest_route=\/wp\/v2\/pages"}],"about":[{"href":"https:\/\/aib-kretzschmar.de\/cms\/index.php?rest_route=\/wp\/v2\/types\/page"}],"author":[{"embeddable":true,"href":"https:\/\/aib-kretzschmar.de\/cms\/index.php?rest_route=\/wp\/v2\/users\/2"}],"replies":[{"embeddable":true,"href":"https:\/\/aib-kretzschmar.de\/cms\/index.php?rest_route=%2Fwp%2Fv2%2Fcomments&post=1184"}],"version-history":[{"count":5,"href":"https:\/\/aib-kretzschmar.de\/cms\/index.php?rest_route=\/wp\/v2\/pages\/1184\/revisions"}],"predecessor-version":[{"id":1197,"href":"https:\/\/aib-kretzschmar.de\/cms\/index.php?rest_route=\/wp\/v2\/pages\/1184\/revisions\/1197"}],"up":[{"embeddable":true,"href":"https:\/\/aib-kretzschmar.de\/cms\/index.php?rest_route=\/wp\/v2\/pages\/1158"}],"wp:attachment":[{"href":"https:\/\/aib-kretzschmar.de\/cms\/index.php?rest_route=%2Fwp%2Fv2%2Fmedia&parent=1184"}],"curies":[{"name":"wp","href":"https:\/\/api.w.org\/{rel}","templated":true}]}}