{"id":1223,"date":"2018-02-28T13:40:43","date_gmt":"2018-02-28T12:40:43","guid":{"rendered":"http:\/\/aib-kretzschmar.de\/cms\/?page_id=1223"},"modified":"2018-02-28T14:49:28","modified_gmt":"2018-02-28T13:49:28","slug":"sanierung-fucikschule-2-teilbauabschnitt-2-og","status":"publish","type":"page","link":"https:\/\/aib-kretzschmar.de\/cms\/?page_id=1223","title":{"rendered":"Sanierung Fucikschule Zwickau \/ 2.Teilbauabschnitt \/ 2.OG"},"content":{"rendered":"<div id=\"pl-1223\"  class=\"panel-layout\" ><div id=\"pg-1223-0\"  class=\"panel-grid panel-has-style\" ><div style=\"padding: 30px 0; \" data-overlay=\"true\" data-overlay-color=\"#000000\" class=\"panel-row-style panel-row-style-for-1223-0\" ><div id=\"pgc-1223-0-0\"  class=\"panel-grid-cell\" ><div id=\"panel-1223-0-0-0\" class=\"so-panel widget widget_sow-editor panel-first-child panel-last-child\" data-index=\"0\" ><div style=\"text-align: left;\" data-title-color=\"#443f3f\" data-headings-color=\"#443f3f\" class=\"panel-widget-style panel-widget-style-for-1223-0-0-0\" ><div\n\t\t\t\n\t\t\tclass=\"so-widget-sow-editor so-widget-sow-editor-base\"\n\t\t\t\n\t\t>\n<div class=\"siteorigin-widget-tinymce textwidget\">\n\t<h5><span style=\"color: #333333;\">Ausf\u00fchrungszeitraum: Juni 2017 - Juli 2019 (Gesamtma\u00dfnahme)<\/span><\/h5>\n<h5><span style=\"color: #333333;\">Leistungsphasen:1-8<\/span><\/h5>\n<h5><span style=\"color: #333333;\">Baukosten (KG300+400): rd. 2,18 Mio \u20ac (Gesamtma\u00dfnahme)<\/span><\/h5>\n<h5><span style=\"color: #333333;\">Bauherr: Stadt Zwickau, Liegenschafts- und Hochbauamt<\/span><\/h5>\n<\/div>\n<\/div><\/div><\/div><\/div><\/div><\/div><div id=\"pg-1223-1\"  class=\"panel-grid panel-has-style\" ><div style=\"padding: 30px 0; \" data-overlay=\"true\" data-overlay-color=\"#000000\" class=\"panel-row-style panel-row-style-for-1223-1\" ><div id=\"pgc-1223-1-0\"  class=\"panel-grid-cell\" ><div id=\"panel-1223-1-0-0\" class=\"so-panel widget widget_sow-slider panel-first-child panel-last-child\" data-index=\"1\" ><div style=\"text-align: left;\" data-title-color=\"#443f3f\" data-headings-color=\"#443f3f\" class=\"panel-widget-style panel-widget-style-for-1223-1-0-0\" ><div\n\t\t\t\n\t\t\tclass=\"so-widget-sow-slider so-widget-sow-slider-default-6d39609536fd-1223\"\n\t\t\t\n\t\t>\t\t\t\t<div class=\"sow-slider-base\" style=\"display: none\" tabindex=\"0\">\n\t\t\t\t\t<ul\n\t\t\t\t\tclass=\"sow-slider-images\"\n\t\t\t\t\tdata-settings=\"{&quot;pagination&quot;:true,&quot;speed&quot;:800,&quot;timeout&quot;:8000,&quot;paused&quot;:false,&quot;pause_on_hover&quot;:false,&quot;swipe&quot;:true,&quot;nav_always_show_desktop&quot;:&quot;&quot;,&quot;nav_always_show_mobile&quot;:&quot;&quot;,&quot;breakpoint&quot;:&quot;780px&quot;,&quot;unmute&quot;:false,&quot;anchor&quot;:null}\"\n\t\t\t\t\t\t\t\t\t\tdata-anchor-id=\"\"\n\t\t\t\t>\t\t<li class=\"sow-slider-image\" style=\"visibility: visible;\" >\n\t\t\t\t\t\t<img loading=\"lazy\" decoding=\"async\" width=\"1181\" height=\"886\" src=\"https:\/\/aib-kretzschmar.de\/cms\/wp-content\/uploads\/2018\/02\/FOS-2OG-1-von-7.jpg\" class=\"sow-slider-background-image\" alt=\"\" style=\"\" srcset=\"https:\/\/aib-kretzschmar.de\/cms\/wp-content\/uploads\/2018\/02\/FOS-2OG-1-von-7.jpg 1181w, https:\/\/aib-kretzschmar.de\/cms\/wp-content\/uploads\/2018\/02\/FOS-2OG-1-von-7-300x225.jpg 300w, https:\/\/aib-kretzschmar.de\/cms\/wp-content\/uploads\/2018\/02\/FOS-2OG-1-von-7-768x576.jpg 768w, https:\/\/aib-kretzschmar.de\/cms\/wp-content\/uploads\/2018\/02\/FOS-2OG-1-von-7-1024x768.jpg 1024w, https:\/\/aib-kretzschmar.de\/cms\/wp-content\/uploads\/2018\/02\/FOS-2OG-1-von-7-830x623.jpg 830w, https:\/\/aib-kretzschmar.de\/cms\/wp-content\/uploads\/2018\/02\/FOS-2OG-1-von-7-230x173.jpg 230w, https:\/\/aib-kretzschmar.de\/cms\/wp-content\/uploads\/2018\/02\/FOS-2OG-1-von-7-350x263.jpg 350w, https:\/\/aib-kretzschmar.de\/cms\/wp-content\/uploads\/2018\/02\/FOS-2OG-1-von-7-480x360.jpg 480w\" sizes=\"auto, (max-width: 1181px) 100vw, 1181px\" \/>\t\t<\/li>\n\t\t\t\t<li class=\"sow-slider-image\" style=\"visibility: hidden;\" >\n\t\t\t\t\t\t<img loading=\"lazy\" decoding=\"async\" width=\"1181\" height=\"1181\" src=\"https:\/\/aib-kretzschmar.de\/cms\/wp-content\/uploads\/2009\/03\/FOS-2OG-3-von-7.jpg\" class=\"sow-slider-background-image\" alt=\"\" style=\"\" srcset=\"https:\/\/aib-kretzschmar.de\/cms\/wp-content\/uploads\/2009\/03\/FOS-2OG-3-von-7.jpg 1181w, https:\/\/aib-kretzschmar.de\/cms\/wp-content\/uploads\/2009\/03\/FOS-2OG-3-von-7-150x150.jpg 150w, https:\/\/aib-kretzschmar.de\/cms\/wp-content\/uploads\/2009\/03\/FOS-2OG-3-von-7-300x300.jpg 300w, https:\/\/aib-kretzschmar.de\/cms\/wp-content\/uploads\/2009\/03\/FOS-2OG-3-von-7-768x768.jpg 768w, https:\/\/aib-kretzschmar.de\/cms\/wp-content\/uploads\/2009\/03\/FOS-2OG-3-von-7-1024x1024.jpg 1024w, https:\/\/aib-kretzschmar.de\/cms\/wp-content\/uploads\/2009\/03\/FOS-2OG-3-von-7-830x830.jpg 830w, https:\/\/aib-kretzschmar.de\/cms\/wp-content\/uploads\/2009\/03\/FOS-2OG-3-von-7-230x230.jpg 230w, https:\/\/aib-kretzschmar.de\/cms\/wp-content\/uploads\/2009\/03\/FOS-2OG-3-von-7-350x350.jpg 350w, https:\/\/aib-kretzschmar.de\/cms\/wp-content\/uploads\/2009\/03\/FOS-2OG-3-von-7-480x480.jpg 480w\" sizes=\"auto, (max-width: 1181px) 100vw, 1181px\" \/>\t\t<\/li>\n\t\t\t\t<li class=\"sow-slider-image\" style=\"visibility: hidden;\" >\n\t\t\t\t\t\t<img loading=\"lazy\" decoding=\"async\" width=\"1181\" height=\"855\" src=\"https:\/\/aib-kretzschmar.de\/cms\/wp-content\/uploads\/2018\/02\/FOS-2OG-6-von-7.jpg\" class=\"sow-slider-background-image\" alt=\"\" style=\"\" srcset=\"https:\/\/aib-kretzschmar.de\/cms\/wp-content\/uploads\/2018\/02\/FOS-2OG-6-von-7.jpg 1181w, https:\/\/aib-kretzschmar.de\/cms\/wp-content\/uploads\/2018\/02\/FOS-2OG-6-von-7-300x217.jpg 300w, https:\/\/aib-kretzschmar.de\/cms\/wp-content\/uploads\/2018\/02\/FOS-2OG-6-von-7-768x556.jpg 768w, https:\/\/aib-kretzschmar.de\/cms\/wp-content\/uploads\/2018\/02\/FOS-2OG-6-von-7-1024x741.jpg 1024w, https:\/\/aib-kretzschmar.de\/cms\/wp-content\/uploads\/2018\/02\/FOS-2OG-6-von-7-830x601.jpg 830w, https:\/\/aib-kretzschmar.de\/cms\/wp-content\/uploads\/2018\/02\/FOS-2OG-6-von-7-230x167.jpg 230w, https:\/\/aib-kretzschmar.de\/cms\/wp-content\/uploads\/2018\/02\/FOS-2OG-6-von-7-350x253.jpg 350w, https:\/\/aib-kretzschmar.de\/cms\/wp-content\/uploads\/2018\/02\/FOS-2OG-6-von-7-480x348.jpg 480w\" sizes=\"auto, (max-width: 1181px) 100vw, 1181px\" \/>\t\t<\/li>\n\t\t\t\t<li class=\"sow-slider-image\" style=\"visibility: hidden;\" >\n\t\t\t\t\t\t<img loading=\"lazy\" decoding=\"async\" width=\"1181\" height=\"922\" src=\"https:\/\/aib-kretzschmar.de\/cms\/wp-content\/uploads\/2018\/02\/FOS-2OG-7-von-7.jpg\" class=\"sow-slider-background-image\" alt=\"\" style=\"\" srcset=\"https:\/\/aib-kretzschmar.de\/cms\/wp-content\/uploads\/2018\/02\/FOS-2OG-7-von-7.jpg 1181w, https:\/\/aib-kretzschmar.de\/cms\/wp-content\/uploads\/2018\/02\/FOS-2OG-7-von-7-300x234.jpg 300w, https:\/\/aib-kretzschmar.de\/cms\/wp-content\/uploads\/2018\/02\/FOS-2OG-7-von-7-768x600.jpg 768w, https:\/\/aib-kretzschmar.de\/cms\/wp-content\/uploads\/2018\/02\/FOS-2OG-7-von-7-1024x799.jpg 1024w, https:\/\/aib-kretzschmar.de\/cms\/wp-content\/uploads\/2018\/02\/FOS-2OG-7-von-7-830x648.jpg 830w, https:\/\/aib-kretzschmar.de\/cms\/wp-content\/uploads\/2018\/02\/FOS-2OG-7-von-7-230x180.jpg 230w, https:\/\/aib-kretzschmar.de\/cms\/wp-content\/uploads\/2018\/02\/FOS-2OG-7-von-7-350x273.jpg 350w, https:\/\/aib-kretzschmar.de\/cms\/wp-content\/uploads\/2018\/02\/FOS-2OG-7-von-7-480x375.jpg 480w\" sizes=\"auto, (max-width: 1181px) 100vw, 1181px\" \/>\t\t<\/li>\n\t\t\t\t<li class=\"sow-slider-image\" style=\"visibility: hidden;\" >\n\t\t\t\t\t\t<img loading=\"lazy\" decoding=\"async\" width=\"1181\" height=\"1181\" src=\"https:\/\/aib-kretzschmar.de\/cms\/wp-content\/uploads\/2018\/02\/FOS-2OG-4-von-7.jpg\" class=\"sow-slider-background-image\" alt=\"\" style=\"\" srcset=\"https:\/\/aib-kretzschmar.de\/cms\/wp-content\/uploads\/2018\/02\/FOS-2OG-4-von-7.jpg 1181w, https:\/\/aib-kretzschmar.de\/cms\/wp-content\/uploads\/2018\/02\/FOS-2OG-4-von-7-150x150.jpg 150w, https:\/\/aib-kretzschmar.de\/cms\/wp-content\/uploads\/2018\/02\/FOS-2OG-4-von-7-300x300.jpg 300w, https:\/\/aib-kretzschmar.de\/cms\/wp-content\/uploads\/2018\/02\/FOS-2OG-4-von-7-768x768.jpg 768w, https:\/\/aib-kretzschmar.de\/cms\/wp-content\/uploads\/2018\/02\/FOS-2OG-4-von-7-1024x1024.jpg 1024w, https:\/\/aib-kretzschmar.de\/cms\/wp-content\/uploads\/2018\/02\/FOS-2OG-4-von-7-830x830.jpg 830w, https:\/\/aib-kretzschmar.de\/cms\/wp-content\/uploads\/2018\/02\/FOS-2OG-4-von-7-230x230.jpg 230w, https:\/\/aib-kretzschmar.de\/cms\/wp-content\/uploads\/2018\/02\/FOS-2OG-4-von-7-350x350.jpg 350w, https:\/\/aib-kretzschmar.de\/cms\/wp-content\/uploads\/2018\/02\/FOS-2OG-4-von-7-480x480.jpg 480w\" sizes=\"auto, (max-width: 1181px) 100vw, 1181px\" \/>\t\t<\/li>\n\t\t<\/ul>\t\t\t\t<ol class=\"sow-slider-pagination\">\n\t\t\t\t\t\t\t\t\t\t\t<li><a href=\"#\" data-goto=\"0\" aria-label=\"Display slide 1\"><\/a><\/li>\n\t\t\t\t\t\t\t\t\t\t\t<li><a href=\"#\" data-goto=\"1\" aria-label=\"Display slide 2\"><\/a><\/li>\n\t\t\t\t\t\t\t\t\t\t\t<li><a href=\"#\" data-goto=\"2\" aria-label=\"Display slide 3\"><\/a><\/li>\n\t\t\t\t\t\t\t\t\t\t\t<li><a href=\"#\" data-goto=\"3\" aria-label=\"Display slide 4\"><\/a><\/li>\n\t\t\t\t\t\t\t\t\t\t\t<li><a href=\"#\" data-goto=\"4\" aria-label=\"Display slide 5\"><\/a><\/li>\n\t\t\t\t\t\t\t\t\t<\/ol>\n\n\t\t\t\t<div class=\"sow-slide-nav sow-slide-nav-next\">\n\t\t\t\t\t<a href=\"#\" data-goto=\"next\" aria-label=\"Next slide\" data-action=\"next\">\n\t\t\t\t\t\t<em class=\"sow-sld-icon-thin-right\"><\/em>\n\t\t\t\t\t<\/a>\n\t\t\t\t<\/div>\n\n\t\t\t\t<div class=\"sow-slide-nav sow-slide-nav-prev\">\n\t\t\t\t\t<a href=\"#\" data-goto=\"previous\" aria-label=\"Previous slide\" data-action=\"prev\">\n\t\t\t\t\t\t<em class=\"sow-sld-icon-thin-left\"><\/em>\n\t\t\t\t\t<\/a>\n\t\t\t\t<\/div>\n\t\t\t\t<\/div><\/div><\/div><\/div><\/div><div id=\"pgc-1223-1-1\"  class=\"panel-grid-cell panel-grid-cell-empty\" ><\/div><div id=\"pgc-1223-1-2\"  class=\"panel-grid-cell\" ><div id=\"panel-1223-1-2-0\" class=\"so-panel widget widget_sow-editor panel-first-child panel-last-child\" data-index=\"2\" ><div style=\"text-align: left;\" data-title-color=\"#443f3f\" data-headings-color=\"#443f3f\" class=\"panel-widget-style panel-widget-style-for-1223-1-2-0\" ><div\n\t\t\t\n\t\t\tclass=\"so-widget-sow-editor so-widget-sow-editor-base\"\n\t\t\t\n\t\t>\n<div class=\"siteorigin-widget-tinymce textwidget\">\n\t<p>Analog zum 1. Teilbauabschnitt wurden im 2.OG s\u00e4mtliche Fenster ausgetauscht, in den Klassenr\u00e4umen und Fachkabinetten Akustikdecken eingebaut, ein Gro\u00dfteil der T\u00fcren erneuert, die vorhandenen Parketb\u00f6den aufgearbeitet sowie neue Vinylb\u00f6den in den Informatikkabinetten und Nebenr\u00e4umen verlegt. Die Wandbeschichtungen wurden erneuert bzw. \u00fcberholt und orientieren sich an der bereits durch die Schule eingef\u00fchrten Farbhierarchie, in diesem Fall gr\u00fcn.<\/p>\n<p>Auch hier einen herzlichen Dank an die Schulleitung und alle Lehrer und Sch\u00fcler f\u00fcr Ihre Geduld und Verst\u00e4ndnis.<\/p>\n<\/div>\n<\/div><\/div><\/div><\/div><\/div><\/div><\/div>","protected":false},"excerpt":{"rendered":"<p>Ausf\u00fchrungszeitraum: Juni 2017 &#8211; Juli 2019 (Gesamtma\u00dfnahme)Leistungsphasen:1-8Baukosten (KG300+400): rd. 2,18 Mio \u20ac (Gesamtma\u00dfnahme)Bauherr: Stadt Zwickau, Liegenschafts- und Hochbauamt Analog zum 1. Teilbauabschnitt [&hellip;]<\/p>\n","protected":false},"author":2,"featured_media":0,"parent":1216,"menu_order":1,"comment_status":"closed","ping_status":"closed","template":"","meta":{"ngg_post_thumbnail":0,"footnotes":""},"class_list":["post-1223","page","type-page","status-publish","hentry"],"_links":{"self":[{"href":"https:\/\/aib-kretzschmar.de\/cms\/index.php?rest_route=\/wp\/v2\/pages\/1223","targetHints":{"allow":["GET"]}}],"collection":[{"href":"https:\/\/aib-kretzschmar.de\/cms\/index.php?rest_route=\/wp\/v2\/pages"}],"about":[{"href":"https:\/\/aib-kretzschmar.de\/cms\/index.php?rest_route=\/wp\/v2\/types\/page"}],"author":[{"embeddable":true,"href":"https:\/\/aib-kretzschmar.de\/cms\/index.php?rest_route=\/wp\/v2\/users\/2"}],"replies":[{"embeddable":true,"href":"https:\/\/aib-kretzschmar.de\/cms\/index.php?rest_route=%2Fwp%2Fv2%2Fcomments&post=1223"}],"version-history":[{"count":7,"href":"https:\/\/aib-kretzschmar.de\/cms\/index.php?rest_route=\/wp\/v2\/pages\/1223\/revisions"}],"predecessor-version":[{"id":1237,"href":"https:\/\/aib-kretzschmar.de\/cms\/index.php?rest_route=\/wp\/v2\/pages\/1223\/revisions\/1237"}],"up":[{"embeddable":true,"href":"https:\/\/aib-kretzschmar.de\/cms\/index.php?rest_route=\/wp\/v2\/pages\/1216"}],"wp:attachment":[{"href":"https:\/\/aib-kretzschmar.de\/cms\/index.php?rest_route=%2Fwp%2Fv2%2Fmedia&parent=1223"}],"curies":[{"name":"wp","href":"https:\/\/api.w.org\/{rel}","templated":true}]}}