{"id":1361,"date":"2022-04-25T12:52:23","date_gmt":"2022-04-25T11:52:23","guid":{"rendered":"https:\/\/aib-kretzschmar.de\/cms\/?page_id=1361"},"modified":"2022-04-25T12:52:23","modified_gmt":"2022-04-25T11:52:23","slug":"2022-2","status":"publish","type":"page","link":"https:\/\/aib-kretzschmar.de\/cms\/?page_id=1361","title":{"rendered":"2022"},"content":{"rendered":"<p>&nbsp;<\/p>\n<hr>\n<h5><span style=\"color: #333333;\">Sanierung Adam-Ries-Schule \/ 5. Teilbauabschnitt \/ UG<\/span><\/h5>\n<hr>\n<h5><span style=\"color: #333333;\">Au\u00dfenanlagen Adam-Ries-Schule Zwickau<\/span><\/h5>\n<hr>\n<h5><span style=\"color: #333333;\">Neubau Verwaltungsgeb\u00e4ude Bestattungsdienste Zwickau<\/span><\/h5>\n<hr>\n<h5><span style=\"color: #333333;\">Schallschutzma\u00dfnahme Pestalozzischule Zwickau<\/span><\/h5>\n","protected":false},"excerpt":{"rendered":"<p>&nbsp; Sanierung Adam-Ries-Schule \/ 5. Teilbauabschnitt \/ UG Au\u00dfenanlagen Adam-Ries-Schule Zwickau Neubau Verwaltungsgeb\u00e4ude Bestattungsdienste Zwickau Schallschutzma\u00dfnahme Pestalozzischule Zwickau<\/p>\n","protected":false},"author":2,"featured_media":0,"parent":9,"menu_order":0,"comment_status":"closed","ping_status":"closed","template":"","meta":{"ngg_post_thumbnail":0,"footnotes":""},"class_list":["post-1361","page","type-page","status-publish","hentry"],"_links":{"self":[{"href":"https:\/\/aib-kretzschmar.de\/cms\/index.php?rest_route=\/wp\/v2\/pages\/1361","targetHints":{"allow":["GET"]}}],"collection":[{"href":"https:\/\/aib-kretzschmar.de\/cms\/index.php?rest_route=\/wp\/v2\/pages"}],"about":[{"href":"https:\/\/aib-kretzschmar.de\/cms\/index.php?rest_route=\/wp\/v2\/types\/page"}],"author":[{"embeddable":true,"href":"https:\/\/aib-kretzschmar.de\/cms\/index.php?rest_route=\/wp\/v2\/users\/2"}],"replies":[{"embeddable":true,"href":"https:\/\/aib-kretzschmar.de\/cms\/index.php?rest_route=%2Fwp%2Fv2%2Fcomments&post=1361"}],"version-history":[{"count":2,"href":"https:\/\/aib-kretzschmar.de\/cms\/index.php?rest_route=\/wp\/v2\/pages\/1361\/revisions"}],"predecessor-version":[{"id":1363,"href":"https:\/\/aib-kretzschmar.de\/cms\/index.php?rest_route=\/wp\/v2\/pages\/1361\/revisions\/1363"}],"up":[{"embeddable":true,"href":"https:\/\/aib-kretzschmar.de\/cms\/index.php?rest_route=\/wp\/v2\/pages\/9"}],"wp:attachment":[{"href":"https:\/\/aib-kretzschmar.de\/cms\/index.php?rest_route=%2Fwp%2Fv2%2Fmedia&parent=1361"}],"curies":[{"name":"wp","href":"https:\/\/api.w.org\/{rel}","templated":true}]}}