{"id":1397,"date":"2024-06-20T13:18:45","date_gmt":"2024-06-20T12:18:45","guid":{"rendered":"https:\/\/aib-kretzschmar.de\/cms\/?page_id=1397"},"modified":"2024-06-21T09:59:08","modified_gmt":"2024-06-21T08:59:08","slug":"fertigstellung-neubau-verwaltungsgebaeude-bestattungsdienste-zwickau","status":"publish","type":"page","link":"https:\/\/aib-kretzschmar.de\/cms\/?page_id=1397","title":{"rendered":"Fertigstellung Neubau Verwaltungsgeb\u00e4ude Bestattungsdienste Zwickau"},"content":{"rendered":"<div id=\"pl-gb1397-69ea229a21880\"  class=\"panel-layout\" ><div id=\"pg-gb1397-69ea229a21880-0\"  class=\"panel-grid panel-has-style\" ><div style=\"padding: 30px 0; \" data-overlay=\"true\" data-overlay-color=\"#000000\" class=\"panel-row-style panel-row-style-for-gb1397-69ea229a21880-0\" ><div id=\"pgc-gb1397-69ea229a21880-0-0\"  class=\"panel-grid-cell\" ><div id=\"panel-gb1397-69ea229a21880-0-0-0\" class=\"so-panel widget widget_sow-editor panel-first-child panel-last-child\" data-index=\"0\" ><div style=\"text-align: left;\" data-title-color=\"#443f3f\" data-headings-color=\"#443f3f\" class=\"panel-widget-style panel-widget-style-for-gb1397-69ea229a21880-0-0-0\" ><div\n\t\t\t\n\t\t\tclass=\"so-widget-sow-editor so-widget-sow-editor-base\"\n\t\t\t\n\t\t>\n<div class=\"siteorigin-widget-tinymce textwidget\">\n\t<h5>Ausf\u00fchrungszeitraum: Juni 2023 &#8211; Mai 2024<\/h5>\n<h5>Leistungsphasen: 1-8<\/h5>\n<h5>Baukosten (KG 300+400+500): rd. 530 T\u20ac<\/h5>\n<h5>Bauherr: Garten- und Friedhofsamt Zwickau<\/h5>\n<\/div>\n<\/div><\/div><\/div><\/div><\/div><\/div><div id=\"pg-gb1397-69ea229a21880-1\"  class=\"panel-grid panel-has-style\" ><div style=\"padding: 30px 0; \" data-overlay=\"true\" data-overlay-color=\"#000000\" class=\"panel-row-style panel-row-style-for-gb1397-69ea229a21880-1\" ><div id=\"pgc-gb1397-69ea229a21880-1-0\"  class=\"panel-grid-cell\" ><div id=\"panel-gb1397-69ea229a21880-1-0-0\" class=\"so-panel widget widget_sow-slider panel-first-child panel-last-child\" data-index=\"1\" ><div style=\"text-align: left;\" data-title-color=\"#443f3f\" data-headings-color=\"#443f3f\" class=\"panel-widget-style panel-widget-style-for-gb1397-69ea229a21880-1-0-0\" ><div\n\t\t\t\n\t\t\tclass=\"so-widget-sow-slider so-widget-sow-slider-default-6d39609536fd-1397\"\n\t\t\t\n\t\t>\t\t\t\t<div class=\"sow-slider-base\" style=\"display: none\" tabindex=\"0\">\n\t\t\t\t\t<ul\n\t\t\t\t\tclass=\"sow-slider-images\"\n\t\t\t\t\tdata-settings=\"{&quot;pagination&quot;:true,&quot;speed&quot;:800,&quot;timeout&quot;:8000,&quot;paused&quot;:false,&quot;pause_on_hover&quot;:false,&quot;swipe&quot;:true,&quot;nav_always_show_desktop&quot;:&quot;&quot;,&quot;nav_always_show_mobile&quot;:&quot;&quot;,&quot;breakpoint&quot;:&quot;780px&quot;,&quot;unmute&quot;:false,&quot;anchor&quot;:null}\"\n\t\t\t\t\t\t\t\t\t\tdata-anchor-id=\"\"\n\t\t\t\t>\t\t<li class=\"sow-slider-image\" style=\"visibility: visible;\" >\n\t\t\t\t\t\t<div class=\"sow-slider-image-container\">\n\t\t\t\t<div class=\"sow-slider-image-wrapper\" style=\"max-width: 1181px\">\n\t\t\t\t\t\t\t\t\t\t<div class=\"sow-slider-image-foreground-wrapper\">\n\t\t\t\t\t\t<img loading=\"lazy\" decoding=\"async\" width=\"1181\" height=\"886\" src=\"https:\/\/aib-kretzschmar.de\/cms\/wp-content\/uploads\/2024\/06\/BDZ-Aussen-4-von-14.jpg\" class=\"sow-slider-foreground-image\" alt=\"\" style=\"\" srcset=\"https:\/\/aib-kretzschmar.de\/cms\/wp-content\/uploads\/2024\/06\/BDZ-Aussen-4-von-14.jpg 1181w, https:\/\/aib-kretzschmar.de\/cms\/wp-content\/uploads\/2024\/06\/BDZ-Aussen-4-von-14-300x225.jpg 300w, https:\/\/aib-kretzschmar.de\/cms\/wp-content\/uploads\/2024\/06\/BDZ-Aussen-4-von-14-1024x768.jpg 1024w, https:\/\/aib-kretzschmar.de\/cms\/wp-content\/uploads\/2024\/06\/BDZ-Aussen-4-von-14-768x576.jpg 768w, https:\/\/aib-kretzschmar.de\/cms\/wp-content\/uploads\/2024\/06\/BDZ-Aussen-4-von-14-920x690.jpg 920w, https:\/\/aib-kretzschmar.de\/cms\/wp-content\/uploads\/2024\/06\/BDZ-Aussen-4-von-14-230x173.jpg 230w, https:\/\/aib-kretzschmar.de\/cms\/wp-content\/uploads\/2024\/06\/BDZ-Aussen-4-von-14-350x263.jpg 350w, https:\/\/aib-kretzschmar.de\/cms\/wp-content\/uploads\/2024\/06\/BDZ-Aussen-4-von-14-480x360.jpg 480w\" sizes=\"auto, (max-width: 1181px) 100vw, 1181px\" \/>\t\t\t\t\t<\/div>\n\t\t\t\t\t\t\t\t\t<\/div>\n\t\t\t<\/div>\n\t\t\t\t\t<\/li>\n\t\t\t\t<li class=\"sow-slider-image\" style=\"visibility: hidden;\" >\n\t\t\t\t\t\t<div class=\"sow-slider-image-container\">\n\t\t\t\t<div class=\"sow-slider-image-wrapper\" style=\"max-width: 1181px\">\n\t\t\t\t\t\t\t\t\t\t<div class=\"sow-slider-image-foreground-wrapper\">\n\t\t\t\t\t\t<img loading=\"lazy\" decoding=\"async\" width=\"1181\" height=\"886\" src=\"https:\/\/aib-kretzschmar.de\/cms\/wp-content\/uploads\/2024\/06\/BDZ-Aussen-10-von-14.jpg\" class=\"sow-slider-foreground-image\" alt=\"\" style=\"\" srcset=\"https:\/\/aib-kretzschmar.de\/cms\/wp-content\/uploads\/2024\/06\/BDZ-Aussen-10-von-14.jpg 1181w, https:\/\/aib-kretzschmar.de\/cms\/wp-content\/uploads\/2024\/06\/BDZ-Aussen-10-von-14-300x225.jpg 300w, https:\/\/aib-kretzschmar.de\/cms\/wp-content\/uploads\/2024\/06\/BDZ-Aussen-10-von-14-1024x768.jpg 1024w, https:\/\/aib-kretzschmar.de\/cms\/wp-content\/uploads\/2024\/06\/BDZ-Aussen-10-von-14-768x576.jpg 768w, https:\/\/aib-kretzschmar.de\/cms\/wp-content\/uploads\/2024\/06\/BDZ-Aussen-10-von-14-920x690.jpg 920w, https:\/\/aib-kretzschmar.de\/cms\/wp-content\/uploads\/2024\/06\/BDZ-Aussen-10-von-14-230x173.jpg 230w, https:\/\/aib-kretzschmar.de\/cms\/wp-content\/uploads\/2024\/06\/BDZ-Aussen-10-von-14-350x263.jpg 350w, https:\/\/aib-kretzschmar.de\/cms\/wp-content\/uploads\/2024\/06\/BDZ-Aussen-10-von-14-480x360.jpg 480w\" sizes=\"auto, (max-width: 1181px) 100vw, 1181px\" \/>\t\t\t\t\t<\/div>\n\t\t\t\t\t\t\t\t\t<\/div>\n\t\t\t<\/div>\n\t\t\t\t\t<\/li>\n\t\t\t\t<li class=\"sow-slider-image\" style=\"visibility: hidden;\" >\n\t\t\t\t\t\t<div class=\"sow-slider-image-container\">\n\t\t\t\t<div class=\"sow-slider-image-wrapper\" style=\"max-width: 886px\">\n\t\t\t\t\t\t\t\t\t\t<div class=\"sow-slider-image-foreground-wrapper\">\n\t\t\t\t\t\t<img loading=\"lazy\" decoding=\"async\" width=\"886\" height=\"1181\" src=\"https:\/\/aib-kretzschmar.de\/cms\/wp-content\/uploads\/2024\/06\/BDZ-Aussen-5-von-14.jpg\" class=\"sow-slider-foreground-image\" alt=\"\" style=\"\" srcset=\"https:\/\/aib-kretzschmar.de\/cms\/wp-content\/uploads\/2024\/06\/BDZ-Aussen-5-von-14.jpg 886w, https:\/\/aib-kretzschmar.de\/cms\/wp-content\/uploads\/2024\/06\/BDZ-Aussen-5-von-14-225x300.jpg 225w, https:\/\/aib-kretzschmar.de\/cms\/wp-content\/uploads\/2024\/06\/BDZ-Aussen-5-von-14-768x1024.jpg 768w, https:\/\/aib-kretzschmar.de\/cms\/wp-content\/uploads\/2024\/06\/BDZ-Aussen-5-von-14-230x307.jpg 230w, https:\/\/aib-kretzschmar.de\/cms\/wp-content\/uploads\/2024\/06\/BDZ-Aussen-5-von-14-350x467.jpg 350w, https:\/\/aib-kretzschmar.de\/cms\/wp-content\/uploads\/2024\/06\/BDZ-Aussen-5-von-14-480x640.jpg 480w\" sizes=\"auto, (max-width: 886px) 100vw, 886px\" \/>\t\t\t\t\t<\/div>\n\t\t\t\t\t\t\t\t\t<\/div>\n\t\t\t<\/div>\n\t\t\t\t\t<\/li>\n\t\t\t\t<li class=\"sow-slider-image\" style=\"visibility: hidden;\" >\n\t\t\t\t\t\t<div class=\"sow-slider-image-container\">\n\t\t\t\t<div class=\"sow-slider-image-wrapper\" style=\"max-width: 1181px\">\n\t\t\t\t\t\t\t\t\t\t<div class=\"sow-slider-image-foreground-wrapper\">\n\t\t\t\t\t\t<img loading=\"lazy\" decoding=\"async\" width=\"1181\" height=\"886\" src=\"https:\/\/aib-kretzschmar.de\/cms\/wp-content\/uploads\/2024\/06\/BDZ-Innen-2-von-18.jpg\" class=\"sow-slider-foreground-image\" alt=\"\" style=\"\" srcset=\"https:\/\/aib-kretzschmar.de\/cms\/wp-content\/uploads\/2024\/06\/BDZ-Innen-2-von-18.jpg 1181w, https:\/\/aib-kretzschmar.de\/cms\/wp-content\/uploads\/2024\/06\/BDZ-Innen-2-von-18-300x225.jpg 300w, https:\/\/aib-kretzschmar.de\/cms\/wp-content\/uploads\/2024\/06\/BDZ-Innen-2-von-18-1024x768.jpg 1024w, https:\/\/aib-kretzschmar.de\/cms\/wp-content\/uploads\/2024\/06\/BDZ-Innen-2-von-18-768x576.jpg 768w, https:\/\/aib-kretzschmar.de\/cms\/wp-content\/uploads\/2024\/06\/BDZ-Innen-2-von-18-920x690.jpg 920w, https:\/\/aib-kretzschmar.de\/cms\/wp-content\/uploads\/2024\/06\/BDZ-Innen-2-von-18-230x173.jpg 230w, https:\/\/aib-kretzschmar.de\/cms\/wp-content\/uploads\/2024\/06\/BDZ-Innen-2-von-18-350x263.jpg 350w, https:\/\/aib-kretzschmar.de\/cms\/wp-content\/uploads\/2024\/06\/BDZ-Innen-2-von-18-480x360.jpg 480w\" sizes=\"auto, (max-width: 1181px) 100vw, 1181px\" \/>\t\t\t\t\t<\/div>\n\t\t\t\t\t\t\t\t\t<\/div>\n\t\t\t<\/div>\n\t\t\t\t\t<\/li>\n\t\t\t\t<li class=\"sow-slider-image\" style=\"visibility: hidden;\" >\n\t\t\t\t\t\t<div class=\"sow-slider-image-container\">\n\t\t\t\t<div class=\"sow-slider-image-wrapper\" style=\"max-width: 1181px\">\n\t\t\t\t\t\t\t\t\t\t<div class=\"sow-slider-image-foreground-wrapper\">\n\t\t\t\t\t\t<img loading=\"lazy\" decoding=\"async\" width=\"1181\" height=\"886\" src=\"https:\/\/aib-kretzschmar.de\/cms\/wp-content\/uploads\/2024\/06\/BDZ-Innen-13-von-18.jpg\" class=\"sow-slider-foreground-image\" alt=\"\" style=\"\" srcset=\"https:\/\/aib-kretzschmar.de\/cms\/wp-content\/uploads\/2024\/06\/BDZ-Innen-13-von-18.jpg 1181w, https:\/\/aib-kretzschmar.de\/cms\/wp-content\/uploads\/2024\/06\/BDZ-Innen-13-von-18-300x225.jpg 300w, https:\/\/aib-kretzschmar.de\/cms\/wp-content\/uploads\/2024\/06\/BDZ-Innen-13-von-18-1024x768.jpg 1024w, https:\/\/aib-kretzschmar.de\/cms\/wp-content\/uploads\/2024\/06\/BDZ-Innen-13-von-18-768x576.jpg 768w, https:\/\/aib-kretzschmar.de\/cms\/wp-content\/uploads\/2024\/06\/BDZ-Innen-13-von-18-920x690.jpg 920w, https:\/\/aib-kretzschmar.de\/cms\/wp-content\/uploads\/2024\/06\/BDZ-Innen-13-von-18-230x173.jpg 230w, https:\/\/aib-kretzschmar.de\/cms\/wp-content\/uploads\/2024\/06\/BDZ-Innen-13-von-18-350x263.jpg 350w, https:\/\/aib-kretzschmar.de\/cms\/wp-content\/uploads\/2024\/06\/BDZ-Innen-13-von-18-480x360.jpg 480w\" sizes=\"auto, (max-width: 1181px) 100vw, 1181px\" \/>\t\t\t\t\t<\/div>\n\t\t\t\t\t\t\t\t\t<\/div>\n\t\t\t<\/div>\n\t\t\t\t\t<\/li>\n\t\t\t\t<li class=\"sow-slider-image\" style=\"visibility: hidden;\" >\n\t\t\t\t\t\t<div class=\"sow-slider-image-container\">\n\t\t\t\t<div class=\"sow-slider-image-wrapper\" style=\"max-width: 1181px\">\n\t\t\t\t\t\t\t\t\t\t<div class=\"sow-slider-image-foreground-wrapper\">\n\t\t\t\t\t\t<img loading=\"lazy\" decoding=\"async\" width=\"1181\" height=\"886\" src=\"https:\/\/aib-kretzschmar.de\/cms\/wp-content\/uploads\/2024\/06\/BDZ-Innen-15-von-18.jpg\" class=\"sow-slider-foreground-image\" alt=\"\" style=\"\" srcset=\"https:\/\/aib-kretzschmar.de\/cms\/wp-content\/uploads\/2024\/06\/BDZ-Innen-15-von-18.jpg 1181w, https:\/\/aib-kretzschmar.de\/cms\/wp-content\/uploads\/2024\/06\/BDZ-Innen-15-von-18-300x225.jpg 300w, https:\/\/aib-kretzschmar.de\/cms\/wp-content\/uploads\/2024\/06\/BDZ-Innen-15-von-18-1024x768.jpg 1024w, https:\/\/aib-kretzschmar.de\/cms\/wp-content\/uploads\/2024\/06\/BDZ-Innen-15-von-18-768x576.jpg 768w, https:\/\/aib-kretzschmar.de\/cms\/wp-content\/uploads\/2024\/06\/BDZ-Innen-15-von-18-920x690.jpg 920w, https:\/\/aib-kretzschmar.de\/cms\/wp-content\/uploads\/2024\/06\/BDZ-Innen-15-von-18-230x173.jpg 230w, https:\/\/aib-kretzschmar.de\/cms\/wp-content\/uploads\/2024\/06\/BDZ-Innen-15-von-18-350x263.jpg 350w, https:\/\/aib-kretzschmar.de\/cms\/wp-content\/uploads\/2024\/06\/BDZ-Innen-15-von-18-480x360.jpg 480w\" sizes=\"auto, (max-width: 1181px) 100vw, 1181px\" \/>\t\t\t\t\t<\/div>\n\t\t\t\t\t\t\t\t\t<\/div>\n\t\t\t<\/div>\n\t\t\t\t\t<\/li>\n\t\t\t\t<li class=\"sow-slider-image\" style=\"visibility: hidden;\" >\n\t\t\t\t\t\t<div class=\"sow-slider-image-container\">\n\t\t\t\t<div class=\"sow-slider-image-wrapper\" style=\"max-width: 886px\">\n\t\t\t\t\t\t\t\t\t\t<div class=\"sow-slider-image-foreground-wrapper\">\n\t\t\t\t\t\t<img loading=\"lazy\" decoding=\"async\" width=\"886\" height=\"1181\" src=\"https:\/\/aib-kretzschmar.de\/cms\/wp-content\/uploads\/2024\/06\/BDZ-Innen-18-von-18.jpg\" class=\"sow-slider-foreground-image\" alt=\"\" style=\"\" srcset=\"https:\/\/aib-kretzschmar.de\/cms\/wp-content\/uploads\/2024\/06\/BDZ-Innen-18-von-18.jpg 886w, https:\/\/aib-kretzschmar.de\/cms\/wp-content\/uploads\/2024\/06\/BDZ-Innen-18-von-18-225x300.jpg 225w, https:\/\/aib-kretzschmar.de\/cms\/wp-content\/uploads\/2024\/06\/BDZ-Innen-18-von-18-768x1024.jpg 768w, https:\/\/aib-kretzschmar.de\/cms\/wp-content\/uploads\/2024\/06\/BDZ-Innen-18-von-18-230x307.jpg 230w, https:\/\/aib-kretzschmar.de\/cms\/wp-content\/uploads\/2024\/06\/BDZ-Innen-18-von-18-350x467.jpg 350w, https:\/\/aib-kretzschmar.de\/cms\/wp-content\/uploads\/2024\/06\/BDZ-Innen-18-von-18-480x640.jpg 480w\" sizes=\"auto, (max-width: 886px) 100vw, 886px\" \/>\t\t\t\t\t<\/div>\n\t\t\t\t\t\t\t\t\t<\/div>\n\t\t\t<\/div>\n\t\t\t\t\t<\/li>\n\t\t<\/ul>\t\t\t\t<ol class=\"sow-slider-pagination\">\n\t\t\t\t\t\t\t\t\t\t\t<li><a href=\"#\" data-goto=\"0\" aria-label=\"Display slide 1\"><\/a><\/li>\n\t\t\t\t\t\t\t\t\t\t\t<li><a href=\"#\" data-goto=\"1\" aria-label=\"Display slide 2\"><\/a><\/li>\n\t\t\t\t\t\t\t\t\t\t\t<li><a href=\"#\" data-goto=\"2\" aria-label=\"Display slide 3\"><\/a><\/li>\n\t\t\t\t\t\t\t\t\t\t\t<li><a href=\"#\" data-goto=\"3\" aria-label=\"Display slide 4\"><\/a><\/li>\n\t\t\t\t\t\t\t\t\t\t\t<li><a href=\"#\" data-goto=\"4\" aria-label=\"Display slide 5\"><\/a><\/li>\n\t\t\t\t\t\t\t\t\t\t\t<li><a href=\"#\" data-goto=\"5\" aria-label=\"Display slide 6\"><\/a><\/li>\n\t\t\t\t\t\t\t\t\t\t\t<li><a href=\"#\" data-goto=\"6\" aria-label=\"Display slide 7\"><\/a><\/li>\n\t\t\t\t\t\t\t\t\t<\/ol>\n\n\t\t\t\t<div class=\"sow-slide-nav sow-slide-nav-next\">\n\t\t\t\t\t<a href=\"#\" data-goto=\"next\" aria-label=\"Next slide\" data-action=\"next\">\n\t\t\t\t\t\t<em class=\"sow-sld-icon-thin-right\"><\/em>\n\t\t\t\t\t<\/a>\n\t\t\t\t<\/div>\n\n\t\t\t\t<div class=\"sow-slide-nav sow-slide-nav-prev\">\n\t\t\t\t\t<a href=\"#\" data-goto=\"previous\" aria-label=\"Previous slide\" data-action=\"prev\">\n\t\t\t\t\t\t<em class=\"sow-sld-icon-thin-left\"><\/em>\n\t\t\t\t\t<\/a>\n\t\t\t\t<\/div>\n\t\t\t\t<\/div><\/div><\/div><\/div><\/div><div id=\"pgc-gb1397-69ea229a21880-1-1\"  class=\"panel-grid-cell panel-grid-cell-empty\" ><\/div><div id=\"pgc-gb1397-69ea229a21880-1-2\"  class=\"panel-grid-cell\" ><div id=\"panel-gb1397-69ea229a21880-1-2-0\" class=\"so-panel widget widget_sow-editor panel-first-child panel-last-child\" data-index=\"2\" ><div style=\"text-align: left;\" data-title-color=\"#443f3f\" data-headings-color=\"#443f3f\" class=\"panel-widget-style panel-widget-style-for-gb1397-69ea229a21880-1-2-0\" ><div\n\t\t\t\n\t\t\tclass=\"so-widget-sow-editor so-widget-sow-editor-base\"\n\t\t\t\n\t\t>\n<div class=\"siteorigin-widget-tinymce textwidget\">\n\t<p>Das Geb\u00e4ude beherbergt die Verwaltungs-, Beratungs- und Ausstellungsr\u00e4ume der Bestattungsdienste Zwickau. Aufgrund seiner Funktion soll das Geb\u00e4ude einen zur\u00fcckhaltenden und w\u00fcrdevollen Rahmen bieten,<\/p>\n<p>Es ist als klar strukturierter und kompakter, eingeschossiger Bauk\u00f6rper mit flach geneigtem Pultdach vorgesehen.<\/p>\n<p>Der Grundriss unterteilt sich im wesentlichen in zwei Bereiche. Zum einen der westlich eingeordnete und separat zug\u00e4ngliche Mitarbeiterbereich mit Gro\u00dfraumb\u00fcro (3 AK), Technikraum, Teek\u00fcche, Personal-WC und Erschlie\u00dfungsflur und zum anderen in den \u00d6ffentlichkeitbereich mit Eingangs- und Wartebereich, Ausstellungsraum, zwei Beratungsb\u00fcros, ein Besucher WC (auch Behinderten-WC) und einem Abstell- bzw. Reinigungsmittelraum.<\/p>\n<p>Der Hauptzugang liegt mittig und leicht einger\u00fcckt (Witterungsschutz) an der Nordseite des Geb\u00e4udes unmittelbar erreichbar \u00fcber die Ausfahrtsstra\u00dfe des Parkplatzes Friedhof.<\/p>\n<p>Zur Beheizung des Geb\u00e4udes wird die Abw\u00e4rme aus dem benachbarten Krematorium genutzt.<\/p>\n<\/div>\n<\/div><\/div><\/div><\/div><\/div><\/div><\/div>\n\n\n<p><\/p>\n\n\n\n<p><\/p>\n","protected":false},"excerpt":{"rendered":"<p>Ausf\u00fchrungszeitraum: Juni 2023 &#8211; Mai 2024 Leistungsphasen: 1-8 Baukosten (KG 300+400+500): rd. 530 T\u20ac Bauherr: Garten- und Friedhofsamt Zwickau Das Geb\u00e4ude beherbergt [&hellip;]<\/p>\n","protected":false},"author":2,"featured_media":0,"parent":1402,"menu_order":0,"comment_status":"closed","ping_status":"closed","template":"","meta":{"ngg_post_thumbnail":0,"footnotes":""},"class_list":["post-1397","page","type-page","status-publish","hentry"],"_links":{"self":[{"href":"https:\/\/aib-kretzschmar.de\/cms\/index.php?rest_route=\/wp\/v2\/pages\/1397","targetHints":{"allow":["GET"]}}],"collection":[{"href":"https:\/\/aib-kretzschmar.de\/cms\/index.php?rest_route=\/wp\/v2\/pages"}],"about":[{"href":"https:\/\/aib-kretzschmar.de\/cms\/index.php?rest_route=\/wp\/v2\/types\/page"}],"author":[{"embeddable":true,"href":"https:\/\/aib-kretzschmar.de\/cms\/index.php?rest_route=\/wp\/v2\/users\/2"}],"replies":[{"embeddable":true,"href":"https:\/\/aib-kretzschmar.de\/cms\/index.php?rest_route=%2Fwp%2Fv2%2Fcomments&post=1397"}],"version-history":[{"count":5,"href":"https:\/\/aib-kretzschmar.de\/cms\/index.php?rest_route=\/wp\/v2\/pages\/1397\/revisions"}],"predecessor-version":[{"id":1427,"href":"https:\/\/aib-kretzschmar.de\/cms\/index.php?rest_route=\/wp\/v2\/pages\/1397\/revisions\/1427"}],"up":[{"embeddable":true,"href":"https:\/\/aib-kretzschmar.de\/cms\/index.php?rest_route=\/wp\/v2\/pages\/1402"}],"wp:attachment":[{"href":"https:\/\/aib-kretzschmar.de\/cms\/index.php?rest_route=%2Fwp%2Fv2%2Fmedia&parent=1397"}],"curies":[{"name":"wp","href":"https:\/\/api.w.org\/{rel}","templated":true}]}}