{"id":1429,"date":"2024-06-21T10:12:00","date_gmt":"2024-06-21T09:12:00","guid":{"rendered":"https:\/\/aib-kretzschmar.de\/cms\/?page_id=1429"},"modified":"2024-06-21T10:16:33","modified_gmt":"2024-06-21T09:16:33","slug":"fassadensanierung-jugendclub-airport-zwickau","status":"publish","type":"page","link":"https:\/\/aib-kretzschmar.de\/cms\/?page_id=1429","title":{"rendered":"Fassadensanierung Jugendclub Airport, Zwickau"},"content":{"rendered":"<div id=\"pl-gb1429-69ea1235219ff\"  class=\"panel-layout\" ><div id=\"pg-gb1429-69ea1235219ff-0\"  class=\"panel-grid panel-has-style\" ><div style=\"padding: 30px 0; \" data-overlay=\"true\" data-overlay-color=\"#000000\" class=\"panel-row-style panel-row-style-for-gb1429-69ea1235219ff-0\" ><div id=\"pgc-gb1429-69ea1235219ff-0-0\"  class=\"panel-grid-cell\" ><div id=\"panel-gb1429-69ea1235219ff-0-0-0\" class=\"so-panel widget widget_sow-editor panel-first-child panel-last-child\" data-index=\"0\" ><div style=\"text-align: left;\" data-title-color=\"#443f3f\" data-headings-color=\"#443f3f\" class=\"panel-widget-style panel-widget-style-for-gb1429-69ea1235219ff-0-0-0\" ><div\n\t\t\t\n\t\t\tclass=\"so-widget-sow-editor so-widget-sow-editor-base\"\n\t\t\t\n\t\t>\n<div class=\"siteorigin-widget-tinymce textwidget\">\n\t<h5>Ausf\u00fchrungszeitraum: Juni 2024 &#8211; Oktober 2024<\/h5>\n<h5>Leistungsphasen: 1-8<\/h5>\n<h5>Baukosten (KG 300+400): rd. 260 T\u20ac (geplant)<\/h5>\n<h5>Bauherr: Stadt Zwickau<\/h5>\n<\/div>\n<\/div><\/div><\/div><\/div><\/div><\/div><div id=\"pg-gb1429-69ea1235219ff-1\"  class=\"panel-grid panel-has-style\" ><div style=\"padding: 30px 0; \" data-overlay=\"true\" data-overlay-color=\"#000000\" class=\"panel-row-style panel-row-style-for-gb1429-69ea1235219ff-1\" ><div id=\"pgc-gb1429-69ea1235219ff-1-0\"  class=\"panel-grid-cell\" ><div id=\"panel-gb1429-69ea1235219ff-1-0-0\" class=\"so-panel widget widget_sow-image panel-first-child panel-last-child\" data-index=\"1\" ><div style=\"text-align: left;\" data-title-color=\"#443f3f\" data-headings-color=\"#443f3f\" class=\"panel-widget-style panel-widget-style-for-gb1429-69ea1235219ff-1-0-0\" ><div\n\t\t\t\n\t\t\tclass=\"so-widget-sow-image so-widget-sow-image-default-8b5b6f678277-1429\"\n\t\t\t\n\t\t>\n<div class=\"sow-image-container\">\n\t\t<img \n\tsrc=\"https:\/\/aib-kretzschmar.de\/cms\/wp-content\/uploads\/2024\/06\/300124-Endvariante-orange-Verlauf.jpg\" width=\"2117\" height=\"1394\" srcset=\"https:\/\/aib-kretzschmar.de\/cms\/wp-content\/uploads\/2024\/06\/300124-Endvariante-orange-Verlauf.jpg 2117w, https:\/\/aib-kretzschmar.de\/cms\/wp-content\/uploads\/2024\/06\/300124-Endvariante-orange-Verlauf-300x198.jpg 300w, https:\/\/aib-kretzschmar.de\/cms\/wp-content\/uploads\/2024\/06\/300124-Endvariante-orange-Verlauf-1024x674.jpg 1024w, https:\/\/aib-kretzschmar.de\/cms\/wp-content\/uploads\/2024\/06\/300124-Endvariante-orange-Verlauf-768x506.jpg 768w, https:\/\/aib-kretzschmar.de\/cms\/wp-content\/uploads\/2024\/06\/300124-Endvariante-orange-Verlauf-1536x1011.jpg 1536w, https:\/\/aib-kretzschmar.de\/cms\/wp-content\/uploads\/2024\/06\/300124-Endvariante-orange-Verlauf-2048x1349.jpg 2048w, https:\/\/aib-kretzschmar.de\/cms\/wp-content\/uploads\/2024\/06\/300124-Endvariante-orange-Verlauf-920x606.jpg 920w, https:\/\/aib-kretzschmar.de\/cms\/wp-content\/uploads\/2024\/06\/300124-Endvariante-orange-Verlauf-230x151.jpg 230w, https:\/\/aib-kretzschmar.de\/cms\/wp-content\/uploads\/2024\/06\/300124-Endvariante-orange-Verlauf-350x230.jpg 350w, https:\/\/aib-kretzschmar.de\/cms\/wp-content\/uploads\/2024\/06\/300124-Endvariante-orange-Verlauf-480x316.jpg 480w\" sizes=\"(max-width: 2117px) 100vw, 2117px\" title=\"300124 Endvariante orange Verlauf\" alt=\"\" \t\tclass=\"so-widget-image\"\/>\n\t<\/div>\n\n<\/div><\/div><\/div><\/div><div id=\"pgc-gb1429-69ea1235219ff-1-1\"  class=\"panel-grid-cell panel-grid-cell-empty\" ><\/div><div id=\"pgc-gb1429-69ea1235219ff-1-2\"  class=\"panel-grid-cell\" ><div id=\"panel-gb1429-69ea1235219ff-1-2-0\" class=\"so-panel widget widget_sow-editor panel-first-child panel-last-child\" data-index=\"2\" ><div style=\"text-align: left;\" data-title-color=\"#443f3f\" data-headings-color=\"#443f3f\" class=\"panel-widget-style panel-widget-style-for-gb1429-69ea1235219ff-1-2-0\" ><div\n\t\t\t\n\t\t\tclass=\"so-widget-sow-editor so-widget-sow-editor-base\"\n\t\t\t\n\t\t>\n<div class=\"siteorigin-widget-tinymce textwidget\">\n\t<p align=\"JUSTIFY\">Gem\u00e4\u00df vorliegender Aufgabenstellung des Auftraggebers ist die Fassade des Bestandsgeb\u00e4udes Jugendclub \u201eAirport\u201c&nbsp;einer umfassenden energetischen Sanierung zu unterziehen. Die Neugestaltung der Fassade steht im Mittelpunkt.<\/p>\n<p align=\"JUSTIFY\">Die Neugestaltung der Fassade erfolgt mit einer hinterl\u00fcfteten Fassadenkonstruktion, bestehend aus einer D\u00e4mmstoffebene aus Mineralwollplatten sowie einer Witterungsschale aus einer Steinwollfaserplatte mit sichtbarer Befestigung mit Nieten auf einer Aluminiumkonstruktion.<\/p>\n<p align=\"JUSTIFY\">Die Fassadenverkleidung erstreckt sich wie ein G\u00fcrtel um das gesamte Geb\u00e4ude, wobei die H\u00f6he der Verkleidung die Traufh\u00f6he der Nebengeb\u00e4ude aufnimmt. Das Hauptgeb\u00e4ude wird farblich akzentuiert in Rot-Oranget\u00f6nen, die in der Mitte der Fassade ineinander \u00fcbergehen. Die Nebengeb\u00e4ude erhalten eine Verkleidung in einem zur\u00fcckhaltenden warmen, hellen Grauton. Die Verkleidung ist auch im Haupteingangsbereich vorgesehen. Der Deckenbereich im Eingangsbereich wird bis zur H\u00f6he der Fassadenverkleidung abgeh\u00e4ngt und ebenfalls mit Steinwollfaserplatten verkleidet, um den visuellen Fassadeng\u00fcrtel fortzuf\u00fchren und Platz f\u00fcr die neu zu gestaltende Beleuchtung zu schaffen.<\/p>\n<p align=\"JUSTIFY\">Optional sind auf der Ostseite zwei gro\u00dfformatige Fl\u00e4chen f\u00fcr eine k\u00fcnstlerische Gestaltung durch den Nutzer vorgesehen.<\/p>\n<p align=\"JUSTIFY\">&nbsp;<\/p>\n<\/div>\n<\/div><\/div><\/div><\/div><\/div><\/div><\/div>","protected":false},"excerpt":{"rendered":"<p>Ausf\u00fchrungszeitraum: Juni 2024 &#8211; Oktober 2024 Leistungsphasen: 1-8 Baukosten (KG 300+400): rd. 260 T\u20ac (geplant) Bauherr: Stadt Zwickau Gem\u00e4\u00df vorliegender Aufgabenstellung des [&hellip;]<\/p>\n","protected":false},"author":2,"featured_media":0,"parent":1402,"menu_order":0,"comment_status":"closed","ping_status":"closed","template":"","meta":{"ngg_post_thumbnail":0,"footnotes":""},"class_list":["post-1429","page","type-page","status-publish","hentry"],"_links":{"self":[{"href":"https:\/\/aib-kretzschmar.de\/cms\/index.php?rest_route=\/wp\/v2\/pages\/1429","targetHints":{"allow":["GET"]}}],"collection":[{"href":"https:\/\/aib-kretzschmar.de\/cms\/index.php?rest_route=\/wp\/v2\/pages"}],"about":[{"href":"https:\/\/aib-kretzschmar.de\/cms\/index.php?rest_route=\/wp\/v2\/types\/page"}],"author":[{"embeddable":true,"href":"https:\/\/aib-kretzschmar.de\/cms\/index.php?rest_route=\/wp\/v2\/users\/2"}],"replies":[{"embeddable":true,"href":"https:\/\/aib-kretzschmar.de\/cms\/index.php?rest_route=%2Fwp%2Fv2%2Fcomments&post=1429"}],"version-history":[{"count":4,"href":"https:\/\/aib-kretzschmar.de\/cms\/index.php?rest_route=\/wp\/v2\/pages\/1429\/revisions"}],"predecessor-version":[{"id":1436,"href":"https:\/\/aib-kretzschmar.de\/cms\/index.php?rest_route=\/wp\/v2\/pages\/1429\/revisions\/1436"}],"up":[{"embeddable":true,"href":"https:\/\/aib-kretzschmar.de\/cms\/index.php?rest_route=\/wp\/v2\/pages\/1402"}],"wp:attachment":[{"href":"https:\/\/aib-kretzschmar.de\/cms\/index.php?rest_route=%2Fwp%2Fv2%2Fmedia&parent=1429"}],"curies":[{"name":"wp","href":"https:\/\/api.w.org\/{rel}","templated":true}]}}