{"id":16,"date":"2009-02-18T00:03:55","date_gmt":"2009-02-17T23:03:55","guid":{"rendered":"http:\/\/aib-kretzschmar.de\/cms\/?page_id=16"},"modified":"2018-05-31T07:02:14","modified_gmt":"2018-05-31T06:02:14","slug":"impressum","status":"publish","type":"page","link":"https:\/\/aib-kretzschmar.de\/cms\/?page_id=16","title":{"rendered":"Impressum und Datenschutzerkl\u00e4rung"},"content":{"rendered":"<h2><span style=\"color: #008080;\">Inhalte und Redaktion<\/span><\/h2>\n<h3>Architekturb\u00fcro G&amp;J Kretzschmar<\/h3>\n<p>Dipl. Ing. J. Kretzschmar, Architekt<\/p>\n<p>Bachstra\u00dfe 30<br \/>\n08056 Zwickau<\/p>\n<p>Tel.: +49 (0)375- 29 47 84 oder +49 (0)375- 29 47 85<br \/>\nFax.: + 49 (0)375- 21 52 84<\/p>\n<p>Internet: <a title=\"aib-kretzschmar\" href=\"http:\/\/www.aib-kretzschmar.de\" target=\"_self\">www.aib-kretzschmar.de<\/a><br \/>\nE-Mail: <a href=\"mailto:mail@aib-kretzschmar.de\">mail(at)aib-kretzschmar(.)de<\/a><\/p>\n<p>USt-IdNr.. DE316217364<\/p>\n<h3><\/h3>\n<h3>Mitglied der Architektenkammer Sachsen<\/h3>\n<p>Eintragungsnummer: 47 12<\/p>\n<h3><\/h3>\n<h2><\/h2>\n<h2><\/h2>\n<h2>RECHTLICHE HINWEISE<\/h2>\n<h3>Haftungsausschluss<\/h3>\n<p>Der Autor (aib-kretzschmar) \u00fcbernimmt keinerlei Gew\u00e4hr f\u00fcr die Aktualit\u00e4t, Korrektheit, Vollst\u00e4ndigkeit oder Qualit\u00e4t der bereitgestellten Informationen. Haftungsanspr\u00fcche gegen den Autor, welche sich auf Sch\u00e4den materieller oder ideeller Art beziehen, die durch die Nutzung oder Nichtnutzung der dargebotenen Informationen bzw. durch die Nutzung fehlerhafter und unvollst\u00e4ndiger Informationen verursacht wurden, sind grunds\u00e4tzlich ausgeschlossen, sofern seitens des Autors kein nachweislich vors\u00e4tzliches oder grob fahrl\u00e4ssiges Verschulden vorliegt. Alle Angebote sind freibleibend und unverbindlich. Der Autor beh\u00e4lt es sich ausdr\u00fccklich vor, Teile der Seiten oder das gesamte Angebot ohne gesonderte Ank\u00fcndigung zu ver\u00e4ndern, zu erg\u00e4nzen, zu l\u00f6schen oder die Ver\u00f6ffentlichung zeitweise oder endg\u00fcltig einzustellen.<\/p>\n<h3>Verweise und Links<\/h3>\n<p>Bei direkten oder indirekten Verweisen auf fremde Webseiten (\u201eHyperlinks\u201c), die au\u00dferhalb des Verantwortungsbereiches des Autors liegen, w\u00fcrde eine Haftungsverpflichtung ausschlie\u00dflich in dem Fall in Kraft treten, in dem der Autor von den Inhalten Kenntnis hat und es ihm technisch m\u00f6glich und zumutbar w\u00e4re, die Nutzung im Falle rechtswidriger Inhalte zu verhindern. Der Autor erkl\u00e4rt hiermit ausdr\u00fccklich, dass zum Zeitpunkt der Linksetzung keine illegalen Inhalte auf den zu verlinkenden Seiten erkennbar waren. Auf die aktuelle und zuk\u00fcnftige Gestaltung, die Inhalte oder die Urheberschaft der gelinkten\/verkn\u00fcpften Seiten hat der Autor keinerlei Einfluss. Deshalb distanziert er sich hiermit ausdr\u00fccklich von allen Inhalten aller gelinkten \/verkn\u00fcpften Seiten, die nach der Linksetzung ver\u00e4ndert wurden.<\/p>\n<h3>Urheber- und Kennzeichenrecht<\/h3>\n<p>Das Copyright f\u00fcr ver\u00f6ffentlichte, vom Autor selbst erstellte Objekte bleibt allein beim Autor der Seiten. Eine Vervielf\u00e4ltigung oder Verwendung solcher Grafiken und Texte in anderen elektronischen oder gedruckten Publikationen ist ohne ausdr\u00fcckliche Zustimmung des Autors nicht gestattet. Sofern innerhalb des Internetangebotes die M\u00f6glichkeit zur Eingabe pers\u00f6nlicher oder gesch\u00e4ftlicher Daten (E-Mail-Adressen, Namen, Anschriften) besteht, so erfolgt die Preisgabe dieser Daten seitens des Nutzers auf ausdr\u00fccklich freiwilliger Basis. Die Nutzung der im Rahmen des Impressums oder vergleichbarer Angaben ver\u00f6ffentlichten Kontaktdaten wie Postanschriften, Telefon- und Faxnummern sowie E-Mail-Adressen durch Dritte zur \u00dcbersendung von nicht ausdr\u00fccklich angeforderten Informationen ist nicht gestattet. Rechtliche Schritte gegen die Versender von sogenannten Spam-Mails bei Verst\u00f6\u00dfen gegen dieses Verbot sind ausdr\u00fccklich vorbehalten.<\/p>\n<hr \/>\n<p>&nbsp;<\/p>\n<h3>Datenschutzerkl\u00e4rung f\u00fcr die Website<\/h3>\n<div>Datenschutzerkl\u00e4rung von Architekturb\u00fcro G&amp;J Kretzschmar<\/div>\n<div><\/div>\n<div>1. Gegenstand dieser Datenschutzerkl\u00e4rung<\/div>\n<div>Der Schutz Ihrer personenbezogenen Daten (im Folgenden kurz ,,Daten\u201c) ist uns ein gro\u00dfes und sehr wichtiges Anliegen. Nachfolgend m\u00f6chten wir Sie daher ausf\u00fchrlich dar\u00fcber informieren, welche Daten bei uns erhoben und wie diese von uns im Folgenden verarbeitet oder genutzt werden, ebenso wie, welche begleitenden Schutzma\u00dfnahmen wir auch in technischer und organisatorischer Hinsicht getroffen haben.<\/div>\n<div>\n<hr \/>\n<\/div>\n<div>2. Verantwortliche Stelle\/Diensteanbieter<\/div>\n<div>Verantwortlicher nach Art. 4 DSGVO und zugleich Diensteanbieter im Sinne des Telemediengesetzes (TMG) ist<\/div>\n<div>Herr J\u00f6rn Kretzschmar<\/div>\n<div>Bachstra\u00dfe 30, 08056 Zwickau<\/div>\n<div>Telefon: 0375 &#8211; 294784<\/div>\n<div>Telefax: 0375 &#8211; 215284<\/div>\n<div>E-Mail: j.kretzschmar@aib-kretzschmar.de<\/div>\n<div><\/div>\n<div>Herr J\u00f6rn Kretzschmar ist verantwortlich nach \u00a7 55 des Rundfunk Staatsvertrags.<\/p>\n<hr \/>\n<\/div>\n<div>\n<div>3. Erhebung und Verwendung Ihrer Daten<\/div>\n<div>Alle personenbezogenen Daten, die wir von Ihnen erheben, werden wir nur zu dem angegebenen Zweck erheben, verarbeiten und nutzen. Dabei beachten wir, dass dies nur im Rahmen der jeweils<\/div>\n<div>geltenden Rechtsvorschriften bzw. ansonsten nur mit Ihrer Einwilligung geschieht.<\/div>\n<div>Nach der EU &#8211; Datenschutzgrundverordnung haben Sie jederzeit ein Recht auf unentgeltliche Auskunft \u00fcber Ihre gespeicherten Daten sowie ggf. ein Recht auf Berichtigung, Sperrung oder L\u00f6schung dieser Daten.<\/div>\n<div>Sie k\u00f6nnen gem\u00e4\u00df Art. 21 DSGVO in den dort genannten F\u00e4llen Widerspruch gegen die Verarbeitung Ihrer Daten erheben. Bitte wenden Sie sich an &#8222;j.kretzschmar@aib-kretzschmar.de&#8220; oder senden Sie uns Ihr Verlangen per Post.<\/div>\n<div>Sie haben das Recht zur Beschwerde bei der zust\u00e4ndigen Aufsichtsbeh\u00f6rde f\u00fcr den Datenschutz :<\/div>\n<div><\/div>\n<div>S\u00e4chsischer Datenschutzbeauftragter<\/div>\n<div>Kontor am Landtag<\/div>\n<div>Devrienstra\u00dfe 1<\/div>\n<div>01067 Dresden<\/div>\n<div>Telefon: 0351 493 &#8211; 5401<\/div>\n<div>Telefax: 0351 493 &#8211; 5490<\/div>\n<div>E &#8211; Mail saechsdsb@slt.sachsen.de<\/div>\n<div>www.datenschutz.sachsen.de<\/div>\n<div><\/div>\n<div>Umfang und Art der Erhebung und Verwendung Ihrer Daten unterscheidet sich danach, ob Sie unseren Internetauftritt nur zum Abruf von Informationen besuchen oder von uns angebotene<\/div>\n<div>Leistungen in Anspruch nehmen:<\/div>\n<div><\/div>\n<\/div>\n<div>\n<div>a) Internetnutzung<\/div>\n<div>F\u00fcr die nur informatorische Nutzung unseres Internetauftritts ist es grunds\u00e4tzlich nicht erforderlich, dass Sie personenbezogene Daten angeben.<\/div>\n<div>Vielmehr erheben und verwenden wir in diesem Fall nur diejenigen Ihrer Daten, die uns Ihr Internetbrowser automatisch \u00fcbermittelt, wie etwa:<\/div>\n<div>\u2022 Datum und Uhrzeit des Abrufs einer unserer Internetseiten<\/div>\n<div>\u2022 Ihren Browsertyp<\/div>\n<div>\u2022 die Browser &#8211; Einstellungen<\/div>\n<div>\u2022 das verwendete Betriebssystem<\/div>\n<div>\u2022 die von Ihnen zuletzt besuchte Seite<\/div>\n<div>\u2022 die \u00fcbertragene Datenmenge und der Zugriffsstatus (Datei \u00fcbertragen, Datei nicht gefunden etc.) sowie<\/div>\n<div>\u2022 Ihre IP &#8211; Adresse.<\/div>\n<div><\/div>\n<div><\/div>\n<div>Diese Daten erheben und verwenden wir bei einem informatorischen Besuch ausschlie\u00dflich in nicht-personenbezogener Form. Dies erfolgt, um die Nutzung der von Ihnen abgerufenen Internetseiten \u00fcberhaupt zu erm\u00f6glichen, zu statistischen Zwecken sowie zur Verbesserung unseres Internetangebots. Die IP-Adresse speichern wir nur f\u00fcr die Dauer Ihres Besuchs, eine<\/div>\n<div>personenbezogene Auswertung findet nicht statt. Eine Zusammenf\u00fchrung dieser Daten mit anderen Datenquellen wird nicht vorgenommen, die Daten werden zudem nach einer statistischen Auswertung gel\u00f6scht. Dies ist nach der Entscheidung des Europ\u00e4ischen<\/div>\n<div>Gerichtshofs vom 19.10.2016 (Az.: C 582\/14) auch in Anbetracht des Telemediengesetzes zul\u00e4ssig.<\/div>\n<div><\/div>\n<div>b)<\/div>\n<div>Nutzung von Angeboten bzw. Datenverwendung zur Aufgabenerf\u00fcllung<\/div>\n<div>Soweit Sie von uns angebotene Leistungen in Anspruch nehmen wollen, ist es m\u00f6glicherweise n\u00f6tig, dass Sie dazu weitere Daten angeben. Es handelt sich um diejenigen Daten, die zur jeweiligen<\/div>\n<div>Abwicklung erforderlich sind. Weitere Angaben k\u00f6nnen Sie ggf. freiwillig t\u00e4tigen; sie sind von uns entsprechend als optional markiert.<\/div>\n<div>Ein Teil der Leistungen wird auch im Loginbereich der Homepage bereitgestellt.<\/div>\n<div>Die Erhebung oder Verwendung Ihrer Daten erfolgt zu dem Zweck, die von Ihnen gew\u00fcnschte notwendige Leistung zu erbringen.<\/div>\n<div>Ihre Daten werden zu vorgenanntem Zweck ggf. an uns unterst\u00fctzende Dienstleister weitergegeben, die wir selbstverst\u00e4ndlich sorgf\u00e4ltig ausgew\u00e4hlt und zur Einhaltung des Datenschutzrechts verpflichtet haben. Dabei kann es sich insbesondere um technische Dienstleister oder Versanddienstleister (Lettershop etc.) handeln.<\/div>\n<div>Die Weitergabe Ihrer Daten an andere Dritte erfolgt ansonsten nur, wenn dies gesetzlich erlaubt ist oder wir Ihre explizite Einwilligung daf\u00fcr erhalten haben.<\/p>\n<hr \/>\n<\/div>\n<\/div>\n<div><\/div>\n<div>\n<div>4. Datenschutzrechtliche Einwilligung<\/div>\n<div>\u00dcber die Abwicklung der von Ihnen gew\u00fcnschten Leistungen hinaus\u00a0erfolgt durch uns kein auf Ihre Interessen ausgerichteter Internetauftritt. Per Post oder E-Mail (in Form unseres Newsletters) f\u00fcr Sie auf Basis Ihrer Daten interessante Neuigkeiten und Hinweise \u00fcber uns werden wir Ihnen nicht zukommen lassen.<\/div>\n<div>F\u00fcr die Ver\u00f6ffentlichung von Bildmaterial, das Ihrem Urheberrecht unterliegt oder auf dem Sie abgebildet sind, ben\u00f6tigen wir unter Umst\u00e4nden ebenfalls Ihre Einwilligung.<\/div>\n<div>\n<div class=\"textLayer\">\n<div>Ihre Einwilligung k\u00f6nnen Sie gesondert abgeben. Sie k\u00f6nnen sie im Anschluss jederzeit mit Wirkung f\u00fcr die Zukunft widerrufen.<\/div>\n<div>Die Einwilligung in Bezug auf Cookies bzw. Werbetracker richtet sich nach untenstehendem \u00a7 6 dieser Erkl\u00e4rung.<\/p>\n<hr \/>\n<\/div>\n<\/div>\n<\/div>\n<\/div>\n<div><\/div>\n<div>\n<div>5. Newsletter<\/div>\n<div>Ein Newsletter wird durch uns nicht versendet. Sie k\u00f6nnen sich f\u00fcr einen solchen bei uns nicht anmelden.<\/p>\n<hr \/>\n<\/div>\n<\/div>\n<div><\/div>\n<div>\n<div>6. Einsatz von Cookies<\/div>\n<div>F\u00fcr unseren Internetauftritt nutzen wir Cookies,\u00a0die zur Nutzbarkeit der Website notwendig sind. Dieses Cookie erm\u00f6glicht Grundfunktionen wie Seitennavigation und Zugriff auf sichere Bereiche der Website. Die Website kann ohne dieses Cookie nicht richtig funktionieren.<\/div>\n<div>Cookies sind kleine Textdateien, die im Rahmen Ihres Besuchs unserer Internetseiten von unserem Webserver an Ihren Browser gesandt und von diesem auf Ihrem Rechner f\u00fcr einen sp\u00e4teren Abruf vorgehalten werden. Wir verwenden ebenfalls keine sogenannten Web Beacons (unsichtbare Grafiken). Durch diese Web Beacons k\u00f6nnen Informationen wie der Besuch auf unseren Webseiten ausgewertet werden.<\/div>\n<div>Der vorliegende Internetauftritt wurde \u00fcber die Plattform WordPress erstellt. Entsprechende plattformbedingte eingesetzte Techniken und Datenschutzerkl\u00e4rungen entnehmen Sie bitte den Angaben der entsprechenden Plattform unter der Website: https:\/\/de.wordpress.com\/<\/p>\n<hr \/>\n<\/div>\n<\/div>\n<div><\/div>\n<div>\n<div>7. Widerrufs-und Widerspruchsrecht<\/div>\n<div>Wir weisen Sie darauf hin, dass Sie eine uns ggf. erteilte datenschutzrechtliche Einwilligung jederzeit mit Wirkung f\u00fcr die Zukunft widerrufen k\u00f6nnen. Soweit gesetzliche Anforderungen zur Erhebung von Daten bestehen (z.B. Architektenliste), besteht kein Widerrufsrecht.<\/p>\n<hr \/>\n<\/div>\n<\/div>\n<div><\/div>\n<div>\n<div>8. Einsatz von Statistiktools<\/div>\n<div>Wir verwenden auf unserer Website keine Statistiktools.<\/p>\n<hr \/>\n<\/div>\n<\/div>\n<div><\/div>\n<div>\n<div>9. Datensicherheit<\/div>\n<div>Personenbezogene Daten\u00a0sind nur\u00a0im\u00a0auf der Website vorhandenen Kontaktformular einzutragen. Diese Daten dienen nur zur Weiterleitung einer Anfrage-E-Mail an unseren E-Mail-Client. Die Daten werden nicht in einer Datenbank erfasst. Die E-Mail-Daten sind auf den Servern des E-Mail-Anbieters gespeichert und passwortgesch\u00fctzt.<\/div>\n<div>Wir stellen Ihnen \u00fcber das Kontaktformular hinaus keine weiteren Online-Formulare und Dienste bereit, mit denen Sie personenbezogene Daten an uns senden k\u00f6nnen.<\/p>\n<hr \/>\n<\/div>\n<\/div>\n<div><\/div>\n<div>\n<div>10. L\u00f6schfristen<\/div>\n<div>Wir speichern personenbezogene Daten jeweils nur so lange, bis der Zweck der Datenspeicherung entf\u00e4llt, so lange keine gesetzlichen Aufbewahrungsfristen oder Verj\u00e4hrungsfristen von<\/div>\n<div>m\u00f6glicherweise der Rechtsverfolgung dienlichen Daten der L\u00f6schung entgegenstehen (in diesem Fall wird die Verarbeitung der Daten nach Art. 18DSGVO eingeschr\u00e4nkt).<\/div>\n<div><\/div>\n<\/div>\n<div><\/div>\n","protected":false},"excerpt":{"rendered":"<p>Inhalte und Redaktion Architekturb\u00fcro G&amp;J Kretzschmar Dipl. Ing. J. Kretzschmar, Architekt Bachstra\u00dfe 30 08056 Zwickau Tel.: +49 (0)375- 29 47 84 oder [&hellip;]<\/p>\n","protected":false},"author":1,"featured_media":0,"parent":0,"menu_order":7,"comment_status":"closed","ping_status":"open","template":"","meta":{"ngg_post_thumbnail":0,"footnotes":""},"class_list":["post-16","page","type-page","status-publish","hentry"],"_links":{"self":[{"href":"https:\/\/aib-kretzschmar.de\/cms\/index.php?rest_route=\/wp\/v2\/pages\/16","targetHints":{"allow":["GET"]}}],"collection":[{"href":"https:\/\/aib-kretzschmar.de\/cms\/index.php?rest_route=\/wp\/v2\/pages"}],"about":[{"href":"https:\/\/aib-kretzschmar.de\/cms\/index.php?rest_route=\/wp\/v2\/types\/page"}],"author":[{"embeddable":true,"href":"https:\/\/aib-kretzschmar.de\/cms\/index.php?rest_route=\/wp\/v2\/users\/1"}],"replies":[{"embeddable":true,"href":"https:\/\/aib-kretzschmar.de\/cms\/index.php?rest_route=%2Fwp%2Fv2%2Fcomments&post=16"}],"version-history":[{"count":22,"href":"https:\/\/aib-kretzschmar.de\/cms\/index.php?rest_route=\/wp\/v2\/pages\/16\/revisions"}],"predecessor-version":[{"id":1248,"href":"https:\/\/aib-kretzschmar.de\/cms\/index.php?rest_route=\/wp\/v2\/pages\/16\/revisions\/1248"}],"wp:attachment":[{"href":"https:\/\/aib-kretzschmar.de\/cms\/index.php?rest_route=%2Fwp%2Fv2%2Fmedia&parent=16"}],"curies":[{"name":"wp","href":"https:\/\/api.w.org\/{rel}","templated":true}]}}