{"id":271,"date":"2009-03-27T13:48:04","date_gmt":"2009-03-27T12:48:04","guid":{"rendered":"http:\/\/aib-kretzschmar.de\/cms\/?page_id=271"},"modified":"2016-03-14T08:43:54","modified_gmt":"2016-03-14T07:43:54","slug":"2000-2004","status":"publish","type":"page","link":"https:\/\/aib-kretzschmar.de\/cms\/?page_id=271","title":{"rendered":"2000-2004"},"content":{"rendered":"<hr \/>\n<h4><span style=\"color: #808080;\">2002\/04 Berufliches Schulzentrum f\u00fcr Bautechnik Zwickau Technologisches Praktikum f\u00fcr die Lehrausbildung Galvaniseur \/ LP: 1-3 (Architektur)<\/span><\/h4>\n<hr \/>\n<h4><span style=\"color: #333333;\"><a style=\"color: #333333;\" title=\"Haus 7\" href=\"http:\/\/aib-kretzschmar.de\/cms\/?page_id=258\" target=\"_self\">2002\/04\/05 Autobahnamt Sachsen, Ausbildungszentrum Sanierung Wohnheim, Scheffelstra\u00dfe 39, Zwickau \/LP 1-8 (Architektur+Tragwerk)<\/a><\/span><\/h4>\n<hr \/>\n<h4><span style=\"color: #333333;\"><a style=\"color: #333333;\" title=\"Schule am Scheffelberg 01-03\" href=\"http:\/\/aib-kretzschmar.de\/cms\/?page_id=255\" target=\"_self\">2001-03 Sanierung und Modernisierung der denkmalgesch\u00fctzten \u201cSchule am Scheffelberg\u201d 1.BA: Sanierung der Aussenh\u00fclle \/ LP: 1-8 (Architektur)<\/a><\/span><\/h4>\n<hr \/>\n<h4><span style=\"color: #333333;\"><a style=\"color: #333333;\" title=\"Lengenfeld\" href=\"http:\/\/aib-kretzschmar.de\/cms\/?page_id=212\" target=\"_self\">2001\/02 Sanierung und Erweiterung des Baudenkmals Heimatmuseum Lengenfeld, Errichtung eines Funktionsanbaues \/ LP: 1-8 Architektur)\u00a0 Generalplaner<\/a><\/span><\/h4>\n<hr \/>\n<h4><span style=\"color: #333333;\"><a style=\"color: #333333;\" title=\"Technikum II\" href=\"http:\/\/aib-kretzschmar.de\/cms\/?page_id=144\" target=\"_self\">2000 Neubau Technikum II f\u00fcr das berufliche Schulzentrum f\u00fcr Bautechnik Zwickau, Werdauer Stra\u00dfe 72, Zwickau \/ LP: 1-8 (Architektur+Tragwerk)<\/a><\/span><\/h4>\n<hr \/>\n<h4><span style=\"color: #333333;\"><a style=\"color: #333333;\" title=\"Schiffchen\" href=\"http:\/\/aib-kretzschmar.de\/cms\/?page_id=205\" target=\"_self\">2000 Komplettsanierung und Restaurierung des Baudenkmals \u201cSchiffchen\u201d, M\u00fcnzstra\u00dfe 12, Zwickau \/ LP: 1-8 (Architektur)<\/a><\/span><\/h4>\n<hr \/>\n<h4><span style=\"color: #808080;\">2000 Wests\u00e4chsische Hochschule Zwickau, Lehrgeb\u00e4ude Umbau einer Sporthalle zum Konstruktionslabor \/ LP: 1-8 (Architektur)<\/span><\/h4>\n<hr \/>\n<h4><span style=\"color: #333333;\"><a style=\"color: #333333;\" title=\"D\u00fcnnebierhaus\" href=\"http:\/\/aib-kretzschmar.de\/cms\/?page_id=202\" target=\"_self\">2000 Dach- und Fassadensanierung des Baudenkmals \u201cD\u00fcnnebierhaus\u201d Neuperinplatz 1, Zwickau \/ LP: 1-8 (Architektur)<\/a><\/span><\/h4>\n<hr \/>\n<h4><span style=\"color: #333333;\"><a style=\"color: #333333;\" title=\"Hauptstra\u00dfe\" href=\"http:\/\/aib-kretzschmar.de\/cms\/?page_id=195\" target=\"_self\">2000 Dach- und Fassadensanierung von Geb\u00e4uden im\u00a0Denkmalschutzgebiet Stadtzentrum Zwickau; Hauptstra\u00dfe \/ LP: 1-8 (Architektur)\u00a0 1-6 (Tragwerk)<\/a><\/span><\/h4>\n<hr \/>\n<p>&nbsp;<\/p>\n","protected":false},"excerpt":{"rendered":"<p>2002\/04 Berufliches Schulzentrum f\u00fcr Bautechnik Zwickau Technologisches Praktikum f\u00fcr die Lehrausbildung Galvaniseur \/ LP: 1-3 (Architektur) 2002\/04\/05 Autobahnamt Sachsen, Ausbildungszentrum Sanierung Wohnheim, [&hellip;]<\/p>\n","protected":false},"author":2,"featured_media":0,"parent":9,"menu_order":9,"comment_status":"closed","ping_status":"open","template":"","meta":{"ngg_post_thumbnail":0,"footnotes":""},"class_list":["post-271","page","type-page","status-publish","hentry"],"_links":{"self":[{"href":"https:\/\/aib-kretzschmar.de\/cms\/index.php?rest_route=\/wp\/v2\/pages\/271","targetHints":{"allow":["GET"]}}],"collection":[{"href":"https:\/\/aib-kretzschmar.de\/cms\/index.php?rest_route=\/wp\/v2\/pages"}],"about":[{"href":"https:\/\/aib-kretzschmar.de\/cms\/index.php?rest_route=\/wp\/v2\/types\/page"}],"author":[{"embeddable":true,"href":"https:\/\/aib-kretzschmar.de\/cms\/index.php?rest_route=\/wp\/v2\/users\/2"}],"replies":[{"embeddable":true,"href":"https:\/\/aib-kretzschmar.de\/cms\/index.php?rest_route=%2Fwp%2Fv2%2Fcomments&post=271"}],"version-history":[{"count":7,"href":"https:\/\/aib-kretzschmar.de\/cms\/index.php?rest_route=\/wp\/v2\/pages\/271\/revisions"}],"predecessor-version":[{"id":1025,"href":"https:\/\/aib-kretzschmar.de\/cms\/index.php?rest_route=\/wp\/v2\/pages\/271\/revisions\/1025"}],"up":[{"embeddable":true,"href":"https:\/\/aib-kretzschmar.de\/cms\/index.php?rest_route=\/wp\/v2\/pages\/9"}],"wp:attachment":[{"href":"https:\/\/aib-kretzschmar.de\/cms\/index.php?rest_route=%2Fwp%2Fv2%2Fmedia&parent=271"}],"curies":[{"name":"wp","href":"https:\/\/api.w.org\/{rel}","templated":true}]}}