{"id":3,"date":"2009-02-17T23:55:19","date_gmt":"2009-02-17T22:55:19","guid":{"rendered":"http:\/\/aib-kretzschmar.de\/cms\/?page_id=3"},"modified":"2019-02-20T11:16:20","modified_gmt":"2019-02-20T10:16:20","slug":"home","status":"publish","type":"page","link":"https:\/\/aib-kretzschmar.de\/cms\/","title":{"rendered":"Herzlich Willkommen"},"content":{"rendered":"<div id=\"pl-3\"  class=\"panel-layout\" ><div id=\"pg-3-0\"  class=\"panel-grid panel-has-style\" ><div style=\"padding: 5px 0; \" data-overlay=\"true\" data-overlay-color=\"#000000\" class=\"panel-row-style panel-row-style-for-3-0\" ><div id=\"pgc-3-0-0\"  class=\"panel-grid-cell\" ><div id=\"panel-3-0-0-0\" class=\"so-panel widget widget_sow-editor panel-first-child panel-last-child\" data-index=\"0\" ><div style=\"text-align: left;\" data-title-color=\"#443f3f\" data-headings-color=\"#443f3f\" class=\"panel-widget-style panel-widget-style-for-3-0-0-0\" ><div\n\t\t\t\n\t\t\tclass=\"so-widget-sow-editor so-widget-sow-editor-base\"\n\t\t\t\n\t\t>\n<div class=\"siteorigin-widget-tinymce textwidget\">\n\t<p style=\"text-align: left;\">Sie&nbsp;sind auf der Suche nach einem individuellen, auf Ihre Bed\u00fcrfnisse zugeschnitten Entwurf ? Sie&nbsp;ben\u00f6tigen einen kompetenten Ansprechpartner f\u00fcr die Planung und Baubetreuung ? Sie suchen Ideen und Konzepte f\u00fcr eine nachhaltige Sanierung oder Erweiterung ?&nbsp;<\/p>\n<p style=\"text-align: left;\">Dann sind wir Ihr Ansprechparnter !&nbsp;<\/p>\n<p style=\"text-align: left;\">Wir haben langj\u00e4hrige Erfahrung im Bereich der Architektur- und Hochbauplanung. Dabei deckt unser Spektrum eine breite Palette von Aufgaben unterschiedlichster Gr\u00f6\u00dfe ab. Mit uns haben Sie einen zuverl\u00e4ssigen Partner, der Sie \u00fcber alle Leistungsphasen der HOAI betreut und ber\u00e4t.<\/p>\n<p style=\"text-align: left;\">Nehmen Sie gern Kontakt mit uns auf, wir freuen uns auf Sie.<\/p>\n<h2>&nbsp;<\/h2>\n<h6 style=\"text-align: right;\"><span style=\"color: #c0c0c0;\"><em>&nbsp;<\/em><\/span><\/h6>\n<\/div>\n<\/div><\/div><\/div><\/div><\/div><\/div><div id=\"pg-3-1\"  class=\"panel-grid panel-has-style\" ><div style=\"padding: 5px 0; \" data-overlay=\"true\" data-overlay-color=\"#000000\" class=\"panel-row-style panel-row-style-for-3-1\" ><div id=\"pgc-3-1-0\"  class=\"panel-grid-cell\" ><div id=\"panel-3-1-0-0\" class=\"so-panel widget widget_sow-slider panel-first-child panel-last-child\" data-index=\"1\" ><div style=\"text-align: left;\" data-title-color=\"#443f3f\" data-headings-color=\"#443f3f\" class=\"panel-widget-style panel-widget-style-for-3-1-0-0\" ><div\n\t\t\t\n\t\t\tclass=\"so-widget-sow-slider so-widget-sow-slider-default-6d39609536fd-3\"\n\t\t\t\n\t\t>\t\t\t\t<div class=\"sow-slider-base\" style=\"display: none\" tabindex=\"0\">\n\t\t\t\t\t<ul\n\t\t\t\t\tclass=\"sow-slider-images\"\n\t\t\t\t\tdata-settings=\"{&quot;pagination&quot;:true,&quot;speed&quot;:800,&quot;timeout&quot;:8000,&quot;paused&quot;:false,&quot;pause_on_hover&quot;:false,&quot;swipe&quot;:false,&quot;nav_always_show_desktop&quot;:&quot;&quot;,&quot;nav_always_show_mobile&quot;:&quot;&quot;,&quot;breakpoint&quot;:&quot;780px&quot;,&quot;unmute&quot;:false,&quot;anchor&quot;:null}\"\n\t\t\t\t\t\t\t\t\t\tdata-anchor-id=\"\"\n\t\t\t\t>\t\t<li class=\"sow-slider-image\" style=\"visibility: visible;\" >\n\t\t\t\t\t\t<img loading=\"lazy\" decoding=\"async\" width=\"886\" height=\"236\" src=\"https:\/\/aib-kretzschmar.de\/cms\/wp-content\/uploads\/2009\/09\/aktuell_august09.jpg\" class=\"sow-slider-background-image\" alt=\"\" style=\"\" srcset=\"https:\/\/aib-kretzschmar.de\/cms\/wp-content\/uploads\/2009\/09\/aktuell_august09.jpg 886w, https:\/\/aib-kretzschmar.de\/cms\/wp-content\/uploads\/2009\/09\/aktuell_august09-300x79.jpg 300w\" sizes=\"auto, (max-width: 886px) 100vw, 886px\" \/>\t\t<\/li>\n\t\t\t\t<li class=\"sow-slider-image\" style=\"visibility: hidden;\" >\n\t\t\t\t\t\t<img loading=\"lazy\" decoding=\"async\" width=\"886\" height=\"236\" src=\"https:\/\/aib-kretzschmar.de\/cms\/wp-content\/uploads\/2009\/10\/aktuell_september09.jpg\" class=\"sow-slider-background-image\" alt=\"\" style=\"\" srcset=\"https:\/\/aib-kretzschmar.de\/cms\/wp-content\/uploads\/2009\/10\/aktuell_september09.jpg 886w, https:\/\/aib-kretzschmar.de\/cms\/wp-content\/uploads\/2009\/10\/aktuell_september09-300x79.jpg 300w\" sizes=\"auto, (max-width: 886px) 100vw, 886px\" \/>\t\t<\/li>\n\t\t\t\t<li class=\"sow-slider-image\" style=\"visibility: hidden;\" >\n\t\t\t\t\t\t<img loading=\"lazy\" decoding=\"async\" width=\"886\" height=\"236\" src=\"https:\/\/aib-kretzschmar.de\/cms\/wp-content\/uploads\/2009\/12\/aktuell_dezember-1-09.jpg\" class=\"sow-slider-background-image\" alt=\"\" style=\"\" srcset=\"https:\/\/aib-kretzschmar.de\/cms\/wp-content\/uploads\/2009\/12\/aktuell_dezember-1-09.jpg 886w, https:\/\/aib-kretzschmar.de\/cms\/wp-content\/uploads\/2009\/12\/aktuell_dezember-1-09-300x79.jpg 300w\" sizes=\"auto, (max-width: 886px) 100vw, 886px\" \/>\t\t<\/li>\n\t\t\t\t<li class=\"sow-slider-image\" style=\"visibility: hidden;\" >\n\t\t\t\t\t\t<img loading=\"lazy\" decoding=\"async\" width=\"885\" height=\"237\" src=\"https:\/\/aib-kretzschmar.de\/cms\/wp-content\/uploads\/2011\/03\/aktuell_16-03-11.jpg\" class=\"sow-slider-background-image\" alt=\"\" style=\"\" srcset=\"https:\/\/aib-kretzschmar.de\/cms\/wp-content\/uploads\/2011\/03\/aktuell_16-03-11.jpg 885w, https:\/\/aib-kretzschmar.de\/cms\/wp-content\/uploads\/2011\/03\/aktuell_16-03-11-300x80.jpg 300w\" sizes=\"auto, (max-width: 885px) 100vw, 885px\" \/>\t\t<\/li>\n\t\t\t\t<li class=\"sow-slider-image\" style=\"visibility: hidden;\" >\n\t\t\t\t\t\t<img loading=\"lazy\" decoding=\"async\" width=\"885\" height=\"237\" src=\"https:\/\/aib-kretzschmar.de\/cms\/wp-content\/uploads\/2013\/08\/news_august-20131.jpg\" class=\"sow-slider-background-image\" alt=\"\" style=\"\" srcset=\"https:\/\/aib-kretzschmar.de\/cms\/wp-content\/uploads\/2013\/08\/news_august-20131.jpg 885w, https:\/\/aib-kretzschmar.de\/cms\/wp-content\/uploads\/2013\/08\/news_august-20131-300x80.jpg 300w\" sizes=\"auto, (max-width: 885px) 100vw, 885px\" \/>\t\t<\/li>\n\t\t\t\t<li class=\"sow-slider-image\" style=\"visibility: hidden;\" >\n\t\t\t\t\t\t<img loading=\"lazy\" decoding=\"async\" width=\"885\" height=\"237\" src=\"https:\/\/aib-kretzschmar.de\/cms\/wp-content\/uploads\/2013\/08\/news_juni-2013.jpg\" class=\"sow-slider-background-image\" alt=\"\" style=\"\" srcset=\"https:\/\/aib-kretzschmar.de\/cms\/wp-content\/uploads\/2013\/08\/news_juni-2013.jpg 885w, https:\/\/aib-kretzschmar.de\/cms\/wp-content\/uploads\/2013\/08\/news_juni-2013-300x80.jpg 300w\" sizes=\"auto, (max-width: 885px) 100vw, 885px\" \/>\t\t<\/li>\n\t\t<\/ul>\t\t\t\t<ol class=\"sow-slider-pagination\">\n\t\t\t\t\t\t\t\t\t\t\t<li><a href=\"#\" data-goto=\"0\" aria-label=\"Display slide 1\"><\/a><\/li>\n\t\t\t\t\t\t\t\t\t\t\t<li><a href=\"#\" data-goto=\"1\" aria-label=\"Display slide 2\"><\/a><\/li>\n\t\t\t\t\t\t\t\t\t\t\t<li><a href=\"#\" data-goto=\"2\" aria-label=\"Display slide 3\"><\/a><\/li>\n\t\t\t\t\t\t\t\t\t\t\t<li><a href=\"#\" data-goto=\"3\" aria-label=\"Display slide 4\"><\/a><\/li>\n\t\t\t\t\t\t\t\t\t\t\t<li><a href=\"#\" data-goto=\"4\" aria-label=\"Display slide 5\"><\/a><\/li>\n\t\t\t\t\t\t\t\t\t\t\t<li><a href=\"#\" data-goto=\"5\" aria-label=\"Display slide 6\"><\/a><\/li>\n\t\t\t\t\t\t\t\t\t<\/ol>\n\n\t\t\t\t<div class=\"sow-slide-nav sow-slide-nav-next\">\n\t\t\t\t\t<a href=\"#\" data-goto=\"next\" aria-label=\"Next slide\" data-action=\"next\">\n\t\t\t\t\t\t<em class=\"sow-sld-icon-thin-right\"><\/em>\n\t\t\t\t\t<\/a>\n\t\t\t\t<\/div>\n\n\t\t\t\t<div class=\"sow-slide-nav sow-slide-nav-prev\">\n\t\t\t\t\t<a href=\"#\" data-goto=\"previous\" aria-label=\"Previous slide\" data-action=\"prev\">\n\t\t\t\t\t\t<em class=\"sow-sld-icon-thin-left\"><\/em>\n\t\t\t\t\t<\/a>\n\t\t\t\t<\/div>\n\t\t\t\t<\/div><\/div><\/div><\/div><\/div><\/div><\/div><\/div>","protected":false},"excerpt":{"rendered":"<p>Sie&nbsp;sind auf der Suche nach einem individuellen, auf Ihre Bed\u00fcrfnisse zugeschnitten Entwurf ? Sie&nbsp;ben\u00f6tigen einen kompetenten Ansprechpartner f\u00fcr die Planung und Baubetreuung [&hellip;]<\/p>\n","protected":false},"author":1,"featured_media":0,"parent":0,"menu_order":1,"comment_status":"closed","ping_status":"open","template":"","meta":{"ngg_post_thumbnail":0,"footnotes":""},"class_list":["post-3","page","type-page","status-publish","hentry"],"_links":{"self":[{"href":"https:\/\/aib-kretzschmar.de\/cms\/index.php?rest_route=\/wp\/v2\/pages\/3","targetHints":{"allow":["GET"]}}],"collection":[{"href":"https:\/\/aib-kretzschmar.de\/cms\/index.php?rest_route=\/wp\/v2\/pages"}],"about":[{"href":"https:\/\/aib-kretzschmar.de\/cms\/index.php?rest_route=\/wp\/v2\/types\/page"}],"author":[{"embeddable":true,"href":"https:\/\/aib-kretzschmar.de\/cms\/index.php?rest_route=\/wp\/v2\/users\/1"}],"replies":[{"embeddable":true,"href":"https:\/\/aib-kretzschmar.de\/cms\/index.php?rest_route=%2Fwp%2Fv2%2Fcomments&post=3"}],"version-history":[{"count":64,"href":"https:\/\/aib-kretzschmar.de\/cms\/index.php?rest_route=\/wp\/v2\/pages\/3\/revisions"}],"predecessor-version":[{"id":1276,"href":"https:\/\/aib-kretzschmar.de\/cms\/index.php?rest_route=\/wp\/v2\/pages\/3\/revisions\/1276"}],"wp:attachment":[{"href":"https:\/\/aib-kretzschmar.de\/cms\/index.php?rest_route=%2Fwp%2Fv2%2Fmedia&parent=3"}],"curies":[{"name":"wp","href":"https:\/\/api.w.org\/{rel}","templated":true}]}}