{"id":438,"date":"2011-03-16T11:17:35","date_gmt":"2011-03-16T10:17:35","guid":{"rendered":"http:\/\/aib-kretzschmar.de\/cms\/?page_id=438"},"modified":"2017-02-27T12:17:41","modified_gmt":"2017-02-27T11:17:41","slug":"2010-pestalozzischule-festhalle","status":"publish","type":"page","link":"https:\/\/aib-kretzschmar.de\/cms\/?page_id=438","title":{"rendered":"2010 Generalsanierung Pestalozzischule Festhalle"},"content":{"rendered":"<h2><span style=\"color: #008080;\">Pestalozzischule \/ Festhalle<\/span><\/h2>\n<p style=\"text-align: justify;\">Als 1. Bauabschnitt der Generalsanierung der Pestalozzischule wurde der Geb\u00e4udebereich Festhalle 2010 nach fast zweij\u00e4hriger Bauzeit fertiggestellt. Die besondere Herausforderung bei diesem Bauabschnitt lag in der Umsetzung und Integration der modernen L\u00fcftungs-, Heiz- und Elektrotechnik in den Bestand bei gleichzeitiger Beibehaltung des historischen, bauhaustypisch geradlinigen Erscheinungsbildes. So wurden nahezu alle technischen Einbauten in die teilweise neu verkofferten W\u00e4nde eingelassen und treten so in den Hintergrund. Bei der Oberfl\u00e4chengestaltung orientierten wir uns, in enger Abstimmung mit der Denkmalpflege, weitestgehend an historisch befundeten Oberfl\u00e4chen und Farben. Wo das nicht m\u00f6glich war, wurde bewu\u00dft auf kontrastreiche Farben zur\u00fcckgegriffen. Die Festhalle teilt sich r\u00e4umlich in die Bereiche des erdgeschossigen Saals und der obergeschossigen Empore. Die beiden Bereich sind durch eine \u00f6ffenbare Glastrennwand miteinander verbunden, lassen sich aber auch getrennt voneinander nutzen. F\u00fcr den Einbau der Glastrennwand und der B\u00fchnentechnik waren umfangreiche tragwerkstechnische Eingriffe in den Dachstuhl der Halle notwendig.<\/p>\nngg_shortcode_0_placeholder\n","protected":false},"excerpt":{"rendered":"<p>Pestalozzischule \/ Festhalle Als 1. Bauabschnitt der Generalsanierung der Pestalozzischule wurde der Geb\u00e4udebereich Festhalle 2010 nach fast zweij\u00e4hriger Bauzeit fertiggestellt. Die besondere [&hellip;]<\/p>\n","protected":false},"author":2,"featured_media":0,"parent":446,"menu_order":57,"comment_status":"closed","ping_status":"closed","template":"","meta":{"ngg_post_thumbnail":0,"footnotes":""},"class_list":["post-438","page","type-page","status-publish","hentry"],"_links":{"self":[{"href":"https:\/\/aib-kretzschmar.de\/cms\/index.php?rest_route=\/wp\/v2\/pages\/438","targetHints":{"allow":["GET"]}}],"collection":[{"href":"https:\/\/aib-kretzschmar.de\/cms\/index.php?rest_route=\/wp\/v2\/pages"}],"about":[{"href":"https:\/\/aib-kretzschmar.de\/cms\/index.php?rest_route=\/wp\/v2\/types\/page"}],"author":[{"embeddable":true,"href":"https:\/\/aib-kretzschmar.de\/cms\/index.php?rest_route=\/wp\/v2\/users\/2"}],"replies":[{"embeddable":true,"href":"https:\/\/aib-kretzschmar.de\/cms\/index.php?rest_route=%2Fwp%2Fv2%2Fcomments&post=438"}],"version-history":[{"count":12,"href":"https:\/\/aib-kretzschmar.de\/cms\/index.php?rest_route=\/wp\/v2\/pages\/438\/revisions"}],"predecessor-version":[{"id":454,"href":"https:\/\/aib-kretzschmar.de\/cms\/index.php?rest_route=\/wp\/v2\/pages\/438\/revisions\/454"}],"up":[{"embeddable":true,"href":"https:\/\/aib-kretzschmar.de\/cms\/index.php?rest_route=\/wp\/v2\/pages\/446"}],"wp:attachment":[{"href":"https:\/\/aib-kretzschmar.de\/cms\/index.php?rest_route=%2Fwp%2Fv2%2Fmedia&parent=438"}],"curies":[{"name":"wp","href":"https:\/\/api.w.org\/{rel}","templated":true}]}}