{"id":457,"date":"2011-03-16T15:39:26","date_gmt":"2011-03-16T14:39:26","guid":{"rendered":"http:\/\/aib-kretzschmar.de\/cms\/?page_id=457"},"modified":"2017-02-27T12:17:34","modified_gmt":"2017-02-27T11:17:34","slug":"2010-generalsanierung-pestalozzischule-sporthallen","status":"publish","type":"page","link":"https:\/\/aib-kretzschmar.de\/cms\/?page_id=457","title":{"rendered":"2010 Generalsanierung Pestalozzischule \/ Sporthallen"},"content":{"rendered":"<h2><span style=\"color: #008080;\">PESTALOZZISCHULE \/ SPORTHALLEN<\/span><\/h2>\n<p style=\"text-align: justify;\">Im 2. Bauabschnitt der Generalsanierung Pestalozzischule wurden die beiden Sporthallen der Schule grundhaft saniert und modernisiert. Dabei wurde die untere Sporthalle f\u00fcr Ball- und Bewegungsspiele mit einem Schwingboden aus Parket versehen, was die Absenkung des Bestandsfussbodens mit sich brachte. Im Zusammenspiel mit den Prallw\u00e4nden aus Birkenfurnierplatten, in T\u00fcr- und Pfeilerbereichen farbig abgesetzt, wird der Halle ein warmer Charakter verliehen, der sich dennoch durch seine Klarheit in das Geb\u00e4udeensemble und seine historische Bauzeit integriert. Die Funktions- und Sanit\u00e4rbereiche wurden neu geordnet und funktional optimiert, um den Anforderungen der Schulbaurichtlinie gerecht zu werden.<\/p>\n<p style=\"text-align: justify;\">Die obere Sporthalle fungiert als Turnhalle, ist jedoch auch f\u00fcr Ballsportarten geeignet, wenn auch, wie im \u00fcbrigen auch die untere Halle, durch die Bestandsituation keine wettkampfgerechten Spielst\u00e4tten im Bezug auf die Gr\u00f6\u00dfe hergestellt werden konnten. Zwei gro\u00dfe Herausforderungen begleiteten die Planungs- und Bauphase. Zum einen mu\u00dfte zur Geschlechtertrennung ein zweiter Umkleidebereich inkl. Sanit\u00e4rraum untergebracht werden. Dies wurde durch einen freitragenden Stahlfachwerkbinder erreicht, der auf die beiden L\u00e4ngsau\u00dfenw\u00e4nde aufgelegt wurde und somit die Ursprungshalle um ca. 4 m verk\u00fcrzt. In die 2-geschossige Halle wurde so ein Raumbereich integriert, der, mit Zwischendecke ausgestattet, neben der obenliegenden Umkleide \/ S\u00e4nit\u00e4r im unteren Bereich zus\u00e4tzlich einen Ger\u00e4teraum, ein Sportlehrerzimmer sowie die notw. Verkehrsfl\u00e4che beinhaltet. Weiterhin konnte durch enge Zusammenarbeit mit dem Schulverwaltungs- und Sportamt sowie dem akademischen Kletterverein die Einordnung einer Kletterwand mit Deckenkletterstrecke realisiert werden, wodurch die Halle neben der schulischen Nutzung auch durch den Vereinssport rege genutzt wird. Aufgrund der baulichen Situation konnte der Boden nicht als Parketboden ausgef\u00fchrt werden, sondern mu\u00dfte zur Minimierung der H\u00f6he als Kunsstoffboden mit D\u00e4mpfungsmatten realisiert werden. In der oberen Halle war es m\u00f6glich, in Bereichen wie der Sprossenwand, der Zugangstreppe zur oberen Umkleide sowie im Vorraum die Bestandswand aus Klinkern sichtbar zu lassen und so die historische Bausubstanz zu dokumentieren.<\/p>\nngg_shortcode_0_placeholder\n","protected":false},"excerpt":{"rendered":"<p>PESTALOZZISCHULE \/ SPORTHALLEN Im 2. Bauabschnitt der Generalsanierung Pestalozzischule wurden die beiden Sporthallen der Schule grundhaft saniert und modernisiert. Dabei wurde die [&hellip;]<\/p>\n","protected":false},"author":2,"featured_media":0,"parent":446,"menu_order":56,"comment_status":"closed","ping_status":"closed","template":"","meta":{"ngg_post_thumbnail":0,"footnotes":""},"class_list":["post-457","page","type-page","status-publish","hentry"],"_links":{"self":[{"href":"https:\/\/aib-kretzschmar.de\/cms\/index.php?rest_route=\/wp\/v2\/pages\/457","targetHints":{"allow":["GET"]}}],"collection":[{"href":"https:\/\/aib-kretzschmar.de\/cms\/index.php?rest_route=\/wp\/v2\/pages"}],"about":[{"href":"https:\/\/aib-kretzschmar.de\/cms\/index.php?rest_route=\/wp\/v2\/types\/page"}],"author":[{"embeddable":true,"href":"https:\/\/aib-kretzschmar.de\/cms\/index.php?rest_route=\/wp\/v2\/users\/2"}],"replies":[{"embeddable":true,"href":"https:\/\/aib-kretzschmar.de\/cms\/index.php?rest_route=%2Fwp%2Fv2%2Fcomments&post=457"}],"version-history":[{"count":11,"href":"https:\/\/aib-kretzschmar.de\/cms\/index.php?rest_route=\/wp\/v2\/pages\/457\/revisions"}],"predecessor-version":[{"id":682,"href":"https:\/\/aib-kretzschmar.de\/cms\/index.php?rest_route=\/wp\/v2\/pages\/457\/revisions\/682"}],"up":[{"embeddable":true,"href":"https:\/\/aib-kretzschmar.de\/cms\/index.php?rest_route=\/wp\/v2\/pages\/446"}],"wp:attachment":[{"href":"https:\/\/aib-kretzschmar.de\/cms\/index.php?rest_route=%2Fwp%2Fv2%2Fmedia&parent=457"}],"curies":[{"name":"wp","href":"https:\/\/api.w.org\/{rel}","templated":true}]}}