{"id":480,"date":"2011-04-13T12:21:50","date_gmt":"2011-04-13T11:21:50","guid":{"rendered":"http:\/\/aib-kretzschmar.de\/cms\/?page_id=480"},"modified":"2017-02-27T12:17:17","modified_gmt":"2017-02-27T11:17:17","slug":"2011-generalsanierung-pestalozzischule-ausenanlagen","status":"publish","type":"page","link":"https:\/\/aib-kretzschmar.de\/cms\/?page_id=480","title":{"rendered":"2011 Generalsanierung Pestalozzischule \/ AU\u00dfENANLAGEN"},"content":{"rendered":"<h2><span style=\"color: #008080;\">PESTALOZZISCHULE \/ AU\u00dfENANLAGEN<\/span><\/h2>\n<p style=\"text-align: justify;\">Als erster Teilabschnitt der Komplettierung der Au\u00dfenanlagen wurde im April diesen Jahres der obere Pausenhofbereich weitestgehend fertiggestellt. Unter Fortf\u00fchrung der Gestaltung des unteren Pausenhofes, fertiggestellt 2006, wurde f\u00fcr die Befestigung ein grau\/anthrazit nuancierter Pflasterbelag eingesetzt, der punktuell durch Pflasterfelder in roter T\u00f6nung unterbrochen und gegliedert wird. Als weitere Richtungsbetonung sind im Belag LED-Spots integriert, die den hofseitige Haupteingang mit den Fahrradunterst\u00e4nden verbindet. Diese sind durch eine offene und klar umrissene Stahlkonstruktion verwirklicht, die sich l\u00e4ngs der Grundst\u00fccksgrenze entwickelt und an einem der beiden Enden an ein neues Ger\u00e4tehaus anbindet. Dieses Ger\u00e4tehaus wurde in der Formen- und Materialsprache des Schulgeb\u00e4udes aus Klinkermauerwerk errichtet und vermittelt so zwischen den alten und neuen Teilen der Anlage. Der Hofbereich dient neben der schulischen Pausennutzung auch der direkt angrenzenden Festhalle als Aufenthalts- und Veranstaltungsfl\u00e4che. An den gepflasterten Hof, einseitig begrenzt durch die Fahrradunterst\u00e4nde setzt sich der Hof als rot gesplittete Fl\u00e4che fort, die als Bolzplatz genutzt werden soll.<\/p>\n<p style=\"text-align: justify;\">Die gesamten Au\u00dfenanlagen mit Umfassungsmauern, Gel\u00e4nder, s\u00fcdlicher Zufahrt und Bepflanzungen soll Ende des Jahres 2011 fertiggestellt sein.<\/p>\nngg_shortcode_0_placeholder\n","protected":false},"excerpt":{"rendered":"<p>PESTALOZZISCHULE \/ AU\u00dfENANLAGEN Als erster Teilabschnitt der Komplettierung der Au\u00dfenanlagen wurde im April diesen Jahres der obere Pausenhofbereich weitestgehend fertiggestellt. Unter Fortf\u00fchrung [&hellip;]<\/p>\n","protected":false},"author":2,"featured_media":0,"parent":471,"menu_order":1,"comment_status":"closed","ping_status":"closed","template":"","meta":{"ngg_post_thumbnail":0,"footnotes":""},"class_list":["post-480","page","type-page","status-publish","hentry"],"_links":{"self":[{"href":"https:\/\/aib-kretzschmar.de\/cms\/index.php?rest_route=\/wp\/v2\/pages\/480","targetHints":{"allow":["GET"]}}],"collection":[{"href":"https:\/\/aib-kretzschmar.de\/cms\/index.php?rest_route=\/wp\/v2\/pages"}],"about":[{"href":"https:\/\/aib-kretzschmar.de\/cms\/index.php?rest_route=\/wp\/v2\/types\/page"}],"author":[{"embeddable":true,"href":"https:\/\/aib-kretzschmar.de\/cms\/index.php?rest_route=\/wp\/v2\/users\/2"}],"replies":[{"embeddable":true,"href":"https:\/\/aib-kretzschmar.de\/cms\/index.php?rest_route=%2Fwp%2Fv2%2Fcomments&post=480"}],"version-history":[{"count":7,"href":"https:\/\/aib-kretzschmar.de\/cms\/index.php?rest_route=\/wp\/v2\/pages\/480\/revisions"}],"predecessor-version":[{"id":706,"href":"https:\/\/aib-kretzschmar.de\/cms\/index.php?rest_route=\/wp\/v2\/pages\/480\/revisions\/706"}],"up":[{"embeddable":true,"href":"https:\/\/aib-kretzschmar.de\/cms\/index.php?rest_route=\/wp\/v2\/pages\/471"}],"wp:attachment":[{"href":"https:\/\/aib-kretzschmar.de\/cms\/index.php?rest_route=%2Fwp%2Fv2%2Fmedia&parent=480"}],"curies":[{"name":"wp","href":"https:\/\/api.w.org\/{rel}","templated":true}]}}