{"id":5,"date":"2009-02-17T23:56:07","date_gmt":"2009-02-17T22:56:07","guid":{"rendered":"http:\/\/aib-kretzschmar.de\/cms\/?page_id=5"},"modified":"2016-03-14T10:04:41","modified_gmt":"2016-03-14T09:04:41","slug":"leistungen","status":"publish","type":"page","link":"https:\/\/aib-kretzschmar.de\/cms\/?page_id=5","title":{"rendered":"Leistungen"},"content":{"rendered":"<h2><span style=\"color: #333333;\"> Architektur ist nie gleich, es gibt nicht &#8222;DIE&#8220; Architektur<\/span><\/h2>\n<p style=\"text-align: justify;\">Es ist daher immer unsere Bestreben, die Anspr\u00fcche und Anforderungen der Nutzer\/Bauherren unter dem Gesichtspunkt der Beratung, Gestaltung und Wirtschaftlichkeit zu Betrachten und zu Bearbeiten. Da Architektur nie eine rein objektive Arbeit darstellt, sind wir immer bem\u00fcht, den Dialog mit allen am Bau Beteiligten zu suchen und im Bedarfsfall einen f\u00fcr alle vertr\u00e4glichen Kompromiss zu finden. Es ist dabei unserer Ansicht nach nicht unsere alleinige Aufgabe, unsere Ideen und Konzepte 1:1 umzusetzen, sondern diese auf die Bed\u00fcrfnisse des Bauherren abzustimmen und mit Ihm gemeinsam die beste L\u00f6sung zu finden.<\/p>\n<p style=\"text-align: justify;\">Im Rahmen unserer T\u00e4tigkeit, die von Wohnungsbau \u00fcber Industriebau bis hin zum Schul- und Hochschulbau reicht, liegt unsere Kernkompetenz im Bauen im Bestand und der denkmalgerechten Sanierung und Restaurierung von \u00f6ffentlichen Geb\u00e4uden wie Schulen, Museen und Mehrfamilienh\u00e4usern. Dies Bauaufgaben gehen jedoch auch immer einher mit der neubaulichen Erg\u00e4nzung von Geb\u00e4udeensembles sowie der Errichtung von solit\u00e4ren Neubauten. Einen Eindruck \u00fcber die Vielf\u00e4ltigkeit unserer Bauaufgaben kann Ihnen unsere <span style=\"color: #333333;\"><strong><a style=\"color: #333333;\" title=\"Link Referenzen\" href=\"http:\/\/aib-kretzschmar.de\/cms\/?page_id=9\" target=\"_self\">Referenzenseite<\/a><\/strong><\/span> geben.<\/p>\n<p style=\"text-align: justify;\">Zu unseren Auftraggebern z\u00e4hlen neben privaten unter anderem \u00f6ffentliche Bauherren wie das Liegenschafts- und Hochbauamt Zwickau, das Schulverwaltungs- und Sportamt Zwickau, das S\u00e4chsische Immobilien- und Baumanagement, der Landkreis Zwickau und die Wests\u00e4chsische Gesellschaft f\u00fcr Stadterneuerung mbH. Wir k\u00f6nnen dabei auf eine langj\u00e4hrige und produktive Zusammenarbeit zur\u00fcckblicken und haben im Rahmen unserer Bauaufgaben\u00a0auch Erfahrungen mit der Bearbeitung von F\u00f6rdermittel- und Zuwendungsantr\u00e4gen sammeln k\u00f6nnen.<\/p>\n<hr \/>\n<h3>konkretes Leistungsspektrum:<\/h3>\n<p>Wir sind Anbieter der Leistungsphasen 1 bis 9 Architektur und Tragwerk gem\u00e4\u00df der HOAI.<\/p>\n<p>Zu unserem Leistungsspektrum z\u00e4hlen unter anderem:<\/p>\n<ul>\n<li>Bestandsanalysen \/ Bedarfsanalysen<\/li>\n<li>Wertermittlung<\/li>\n<li>Erstellung von Studien und Nutzungskonzepten<\/li>\n<li>Visualisierung<\/li>\n<li>Entwurfsplanungen<\/li>\n<li>Ausf\u00fchrungsplanungen Architektur und Tragwerk<\/li>\n<li>Durchf\u00fchrung der Vergabe und Auswertung<\/li>\n<li>Projekt\u00fcberwachung<\/li>\n<li>Bauleitung<\/li>\n<li>Kostenkontrolle<\/li>\n<li>Erstellung von Energieausweisen und Energieberatungen f\u00fcr Wohngeb\u00e4ude<\/li>\n<\/ul>\n","protected":false},"excerpt":{"rendered":"<p>Architektur ist nie gleich, es gibt nicht &#8222;DIE&#8220; Architektur Es ist daher immer unsere Bestreben, die Anspr\u00fcche und Anforderungen der Nutzer\/Bauherren unter [&hellip;]<\/p>\n","protected":false},"author":1,"featured_media":0,"parent":0,"menu_order":2,"comment_status":"closed","ping_status":"open","template":"","meta":{"ngg_post_thumbnail":0,"footnotes":""},"class_list":["post-5","page","type-page","status-publish","hentry"],"_links":{"self":[{"href":"https:\/\/aib-kretzschmar.de\/cms\/index.php?rest_route=\/wp\/v2\/pages\/5","targetHints":{"allow":["GET"]}}],"collection":[{"href":"https:\/\/aib-kretzschmar.de\/cms\/index.php?rest_route=\/wp\/v2\/pages"}],"about":[{"href":"https:\/\/aib-kretzschmar.de\/cms\/index.php?rest_route=\/wp\/v2\/types\/page"}],"author":[{"embeddable":true,"href":"https:\/\/aib-kretzschmar.de\/cms\/index.php?rest_route=\/wp\/v2\/users\/1"}],"replies":[{"embeddable":true,"href":"https:\/\/aib-kretzschmar.de\/cms\/index.php?rest_route=%2Fwp%2Fv2%2Fcomments&post=5"}],"version-history":[{"count":13,"href":"https:\/\/aib-kretzschmar.de\/cms\/index.php?rest_route=\/wp\/v2\/pages\/5\/revisions"}],"predecessor-version":[{"id":1043,"href":"https:\/\/aib-kretzschmar.de\/cms\/index.php?rest_route=\/wp\/v2\/pages\/5\/revisions\/1043"}],"wp:attachment":[{"href":"https:\/\/aib-kretzschmar.de\/cms\/index.php?rest_route=%2Fwp%2Fv2%2Fmedia&parent=5"}],"curies":[{"name":"wp","href":"https:\/\/api.w.org\/{rel}","templated":true}]}}