{"id":572,"date":"2013-08-08T11:22:13","date_gmt":"2013-08-08T10:22:13","guid":{"rendered":"http:\/\/aib-kretzschmar.de\/cms\/?page_id=572"},"modified":"2017-02-27T12:17:00","modified_gmt":"2017-02-27T11:17:00","slug":"2012-2","status":"publish","type":"page","link":"https:\/\/aib-kretzschmar.de\/cms\/?page_id=572","title":{"rendered":"2012"},"content":{"rendered":"<hr \/>\n<h4>\u00a0<span style=\"color: #333333;\"><a style=\"color: #333333;\" href=\"http:\/\/aib-kretzschmar.de\/cms\/?page_id=581\">Generalsanierung Pestalozzischule \/ Hauptgeb\u00e4ude und S\u00fcdfl\u00fcgel<\/a><\/span><\/h4>\n<hr \/>\n<h4><span style=\"color: #333333;\"><a style=\"color: #333333;\" href=\"http:\/\/aib-kretzschmar.de\/cms\/?page_id=704\">Schule am Scheffelberg \/ Turnhalle und Verbinder<\/a><\/span><\/h4>\n<hr \/>\n<h4><span style=\"color: #808080;\">Gesamtsanierung Berufliches Schulzentrum f\u00fcr Bau- und Oberfl\u00e4chentechnik Zwickau<\/span><\/h4>\n<hr \/>\n<h4><span style=\"color: #808080;\">Ausbau Gewerbeeinheit, Neefestra\u00dfe Chemnitz<\/span><\/h4>\n<hr \/>\n<h4><span style=\"color: #808080;\">Anbau EFH Wulff, Markkleeberg<\/span><\/h4>\n<hr \/>\n<p>&nbsp;<\/p>\n","protected":false},"excerpt":{"rendered":"<p>\u00a0Generalsanierung Pestalozzischule \/ Hauptgeb\u00e4ude und S\u00fcdfl\u00fcgel Schule am Scheffelberg \/ Turnhalle und Verbinder Gesamtsanierung Berufliches Schulzentrum f\u00fcr Bau- und Oberfl\u00e4chentechnik Zwickau Ausbau [&hellip;]<\/p>\n","protected":false},"author":2,"featured_media":0,"parent":9,"menu_order":5,"comment_status":"closed","ping_status":"closed","template":"","meta":{"ngg_post_thumbnail":0,"footnotes":""},"class_list":["post-572","page","type-page","status-publish","hentry"],"_links":{"self":[{"href":"https:\/\/aib-kretzschmar.de\/cms\/index.php?rest_route=\/wp\/v2\/pages\/572","targetHints":{"allow":["GET"]}}],"collection":[{"href":"https:\/\/aib-kretzschmar.de\/cms\/index.php?rest_route=\/wp\/v2\/pages"}],"about":[{"href":"https:\/\/aib-kretzschmar.de\/cms\/index.php?rest_route=\/wp\/v2\/types\/page"}],"author":[{"embeddable":true,"href":"https:\/\/aib-kretzschmar.de\/cms\/index.php?rest_route=\/wp\/v2\/users\/2"}],"replies":[{"embeddable":true,"href":"https:\/\/aib-kretzschmar.de\/cms\/index.php?rest_route=%2Fwp%2Fv2%2Fcomments&post=572"}],"version-history":[{"count":13,"href":"https:\/\/aib-kretzschmar.de\/cms\/index.php?rest_route=\/wp\/v2\/pages\/572\/revisions"}],"predecessor-version":[{"id":1016,"href":"https:\/\/aib-kretzschmar.de\/cms\/index.php?rest_route=\/wp\/v2\/pages\/572\/revisions\/1016"}],"up":[{"embeddable":true,"href":"https:\/\/aib-kretzschmar.de\/cms\/index.php?rest_route=\/wp\/v2\/pages\/9"}],"wp:attachment":[{"href":"https:\/\/aib-kretzschmar.de\/cms\/index.php?rest_route=%2Fwp%2Fv2%2Fmedia&parent=572"}],"curies":[{"name":"wp","href":"https:\/\/api.w.org\/{rel}","templated":true}]}}