{"id":7,"date":"2009-02-17T23:56:46","date_gmt":"2009-02-17T22:56:46","guid":{"rendered":"http:\/\/aib-kretzschmar.de\/cms\/?page_id=7"},"modified":"2019-02-21T13:39:56","modified_gmt":"2019-02-21T12:39:56","slug":"das-team","status":"publish","type":"page","link":"https:\/\/aib-kretzschmar.de\/cms\/?page_id=7","title":{"rendered":"Das Team"},"content":{"rendered":"<h2><span style=\"color: #333333;\">B\u00fcro:<\/span><\/h2>\n<p><span style=\"color: #000000;\">Das B\u00fcro wurde am 01.08.1990 durch den Dipl. Ing. G\u00fcnter Kretzschmar als Architektur- und Ingenieurb\u00fcro gegr\u00fcndet<\/span><\/p>\n<p><span style=\"color: #000000;\">und bestand so bis zum Jahr 2009. <\/span><\/p>\n<p><span style=\"color: #000000;\">Seit dem 01.02.2009 wird das B\u00fcro unter dem Namen Architekturb\u00fcro G&amp;J Kretzschmar GbR <\/span><span style=\"color: #000000;\">gef\u00fchrt.<\/span><\/p>\n<p><span style=\"color: #000000;\">Seit dem 01.01.2018 wird das B\u00fcro unter dem Namen Architekturb\u00fcro G&amp;J Kretzschmar gef\u00fchrt.<\/span><\/p>\n<hr>\n<h2><span style=\"color: #333333;\">Gesch\u00e4ftsf\u00fchrer:<\/span><\/h2>\n<p><span style=\"color: #000000;\">Dipl. Ing.&nbsp; Architekt J\u00f6rn Kretzschmar<\/span><\/p>\n<hr>\n<h2><span style=\"color: #333333;\">Mitarbeiter:<\/span><\/h2>\n<p><span style=\"color: #000000;\">Dipl. Ing. G\u00fcnter Kretzschmar<\/span><\/p>\n<p><span style=\"color: #000000;\">Dipl. Ing. Arch.(FH) Stefanie Langhans<\/span><\/p>\n<p><span style=\"color: #000000;\">Freie Mitarbeiter:<br \/>\n<\/span><\/p>\n<p><span style=\"color: #000000;\">Dipl. Ing. Architekt&nbsp;Frank M. Jungh\u00e4nel<br \/>\n<\/span><\/p>\n<p><span style=\"color: #000000;\">Dipl. Ing. Matthias Lorenz, Tragwerksplaner<br \/>\n<\/span><\/p>\n<p><span style=\"color: #000000;\">&nbsp;<\/span><\/p>\n<p><span style=\"color: #000000;\">&nbsp;<\/span><\/p>\n<p><span style=\"color: #000000;\">&nbsp;<\/span><\/p>\n<p><span style=\"color: #000000;\">&nbsp;<\/span><\/p>\n<p><span style=\"color: #000000;\">&nbsp;<\/span><\/p>\n","protected":false},"excerpt":{"rendered":"<p>B\u00fcro: Das B\u00fcro wurde am 01.08.1990 durch den Dipl. Ing. G\u00fcnter Kretzschmar als Architektur- und Ingenieurb\u00fcro gegr\u00fcndet und bestand so bis zum [&hellip;]<\/p>\n","protected":false},"author":1,"featured_media":0,"parent":0,"menu_order":3,"comment_status":"closed","ping_status":"open","template":"","meta":{"ngg_post_thumbnail":0,"footnotes":""},"class_list":["post-7","page","type-page","status-publish","hentry"],"_links":{"self":[{"href":"https:\/\/aib-kretzschmar.de\/cms\/index.php?rest_route=\/wp\/v2\/pages\/7","targetHints":{"allow":["GET"]}}],"collection":[{"href":"https:\/\/aib-kretzschmar.de\/cms\/index.php?rest_route=\/wp\/v2\/pages"}],"about":[{"href":"https:\/\/aib-kretzschmar.de\/cms\/index.php?rest_route=\/wp\/v2\/types\/page"}],"author":[{"embeddable":true,"href":"https:\/\/aib-kretzschmar.de\/cms\/index.php?rest_route=\/wp\/v2\/users\/1"}],"replies":[{"embeddable":true,"href":"https:\/\/aib-kretzschmar.de\/cms\/index.php?rest_route=%2Fwp%2Fv2%2Fcomments&post=7"}],"version-history":[{"count":27,"href":"https:\/\/aib-kretzschmar.de\/cms\/index.php?rest_route=\/wp\/v2\/pages\/7\/revisions"}],"predecessor-version":[{"id":1290,"href":"https:\/\/aib-kretzschmar.de\/cms\/index.php?rest_route=\/wp\/v2\/pages\/7\/revisions\/1290"}],"wp:attachment":[{"href":"https:\/\/aib-kretzschmar.de\/cms\/index.php?rest_route=%2Fwp%2Fv2%2Fmedia&parent=7"}],"curies":[{"name":"wp","href":"https:\/\/api.w.org\/{rel}","templated":true}]}}