{"id":716,"date":"2014-06-03T13:33:37","date_gmt":"2014-06-03T12:33:37","guid":{"rendered":"http:\/\/aib-kretzschmar.de\/cms\/?page_id=716"},"modified":"2017-02-27T12:16:04","modified_gmt":"2017-02-27T11:16:04","slug":"2014-gestaltungswettbewerb-sporthalle-am-biel","status":"publish","type":"page","link":"https:\/\/aib-kretzschmar.de\/cms\/?page_id=716","title":{"rendered":"2014 Gestaltungswettbewerb Sporthalle Am Biel"},"content":{"rendered":"<h2><span style=\"color: #008080;\">Gestaltungswettbewerb Sporthalle Am Biel \/ 4. Platz<\/span><\/h2>\n<p>Inhalt des Wettbewerbs war die Konzeption einer neuen 2-Feldsporthalle f\u00fcr das nahe gelegene Clara-Wieck-Gymnasium auf dem Schlossberg in Zwickau. Die Sporthalle soll sich als funktionaler Bauk\u00f6rper in das Bestandsgr\u00fcn einordnen. Wesentliche Aspekte des Entwurfs sind dabei die Optimierung der Grundfl\u00e4che und des Bauk\u00f6rpervolumens zur Reduzierung der Gesamtkosten. Die Fassade ist als glatte, die Konstruktion umschlie\u00dfende H\u00fclle vorgesehen, die W\u00e4rmebr\u00fccken weitestgehend vermeidet. Einem geschlossenen Erdgeschossk\u00f6rper aus horizontal gegliederten Metallprofilen wird dabei eine helle Haube aus Profilglas aufgesetzt. Diese sorgen mit ihrer transluzenten W\u00e4rmed\u00e4mmung f\u00fcr gleichm\u00e4\u00dfige und dabei blendfrei Belichtung der Halle. Das Konzept sieht weiterhin eine Erweiterungsm\u00f6glichkeit f\u00fcr Kraft- und Kampfsportr\u00e4ume und zus\u00e4tzliche Lagerfl\u00e4chen vor, die ohne \u00c4nderung des r\u00e4umlichen Grundkonzeptes auch nachtr\u00e4glich realisiert werden kann.<\/p>\n<p>&nbsp;<\/p>\n<p style=\"text-align: center;\"><a href=\"http:\/\/aib-kretzschmar.de\/cms\/wp-content\/uploads\/2014\/06\/Sporthalle-am-Biel.jpg\"><img loading=\"lazy\" decoding=\"async\" class=\"wp-image-715 aligncenter\" src=\"http:\/\/aib-kretzschmar.de\/cms\/wp-content\/uploads\/2014\/06\/Sporthalle-am-Biel.jpg\" alt=\"Sporthalle am Biel\" width=\"252\" height=\"356\" \/><\/a><\/p>\n","protected":false},"excerpt":{"rendered":"<p>Gestaltungswettbewerb Sporthalle Am Biel \/ 4. Platz Inhalt des Wettbewerbs war die Konzeption einer neuen 2-Feldsporthalle f\u00fcr das nahe gelegene Clara-Wieck-Gymnasium auf [&hellip;]<\/p>\n","protected":false},"author":2,"featured_media":0,"parent":699,"menu_order":1,"comment_status":"closed","ping_status":"closed","template":"","meta":{"ngg_post_thumbnail":0,"footnotes":""},"class_list":["post-716","page","type-page","status-publish","hentry"],"_links":{"self":[{"href":"https:\/\/aib-kretzschmar.de\/cms\/index.php?rest_route=\/wp\/v2\/pages\/716","targetHints":{"allow":["GET"]}}],"collection":[{"href":"https:\/\/aib-kretzschmar.de\/cms\/index.php?rest_route=\/wp\/v2\/pages"}],"about":[{"href":"https:\/\/aib-kretzschmar.de\/cms\/index.php?rest_route=\/wp\/v2\/types\/page"}],"author":[{"embeddable":true,"href":"https:\/\/aib-kretzschmar.de\/cms\/index.php?rest_route=\/wp\/v2\/users\/2"}],"replies":[{"embeddable":true,"href":"https:\/\/aib-kretzschmar.de\/cms\/index.php?rest_route=%2Fwp%2Fv2%2Fcomments&post=716"}],"version-history":[{"count":7,"href":"https:\/\/aib-kretzschmar.de\/cms\/index.php?rest_route=\/wp\/v2\/pages\/716\/revisions"}],"predecessor-version":[{"id":836,"href":"https:\/\/aib-kretzschmar.de\/cms\/index.php?rest_route=\/wp\/v2\/pages\/716\/revisions\/836"}],"up":[{"embeddable":true,"href":"https:\/\/aib-kretzschmar.de\/cms\/index.php?rest_route=\/wp\/v2\/pages\/699"}],"wp:attachment":[{"href":"https:\/\/aib-kretzschmar.de\/cms\/index.php?rest_route=%2Fwp%2Fv2%2Fmedia&parent=716"}],"curies":[{"name":"wp","href":"https:\/\/api.w.org\/{rel}","templated":true}]}}