{"id":740,"date":"2014-07-03T08:00:39","date_gmt":"2014-07-03T07:00:39","guid":{"rendered":"http:\/\/aib-kretzschmar.de\/cms\/?page_id=740"},"modified":"2017-02-27T12:16:42","modified_gmt":"2017-02-27T11:16:42","slug":"2013-umbau-erdgeschoss-eines-einfamilienhauses","status":"publish","type":"page","link":"https:\/\/aib-kretzschmar.de\/cms\/?page_id=740","title":{"rendered":"2013 &#8211; Umbau Erdgeschoss eines Einfamilienhauses"},"content":{"rendered":"<h2><span style=\"color: #008080;\">Umbau Erdgeschoss eines Einfamilienhauses<\/span><\/h2>\n<p>&nbsp;<\/p>\n<p>Der Bauherr beabsichtigte, das freiwerdende Erdgeschoss seines Wohnhauses selbst als Wohn- und K\u00fcchenbereich zu nutzen. Da es sich urspr\u00fcnglich um ein Mietshaus mit 3 Etagenwohnungen handelte, bestand zum einen die Aufgabe darin, die neue Etage mit dem Treppenhaus und den dar\u00fcber liegenden Wohnbereichen so zu verkn\u00fcpfen, das eine zusammenh\u00e4ngende Wohnung entsteht, zum anderen war es unser Anspruch, einen unter den Ma\u00dfgaben der vorhandenen Tragstruktur m\u00f6glichst offenes Wohngeschoss zu schaffen. Ergebnis ist eine zusammenh\u00e4ngende Ebene, die zahlreiche Blickbeziehungen zwischen den einzelnen Bereichen gestattet und so einen offenen und lichten Wohnraum schafft. Wesentliches Gestaltungselement sind die vollverglasten T\u00fcren mit zum Teil zus\u00e4tzlich verglasten Seitenteilen. Um die Hauptr\u00e4ume zu strukturieren und zu diffenzieren, wurden die Decken partiell eingelassen bzw. erhaben ausgebildet. Die so entstehenden Verspr\u00fcnge werden durch LED-Lichtleisten zu Beleuchtung genutzt. Auf der Gartenseite wurden die vorhandenen Fenster\u00f6ffnungen bis auf den Boden heruntergebrochen, eine neue Terrasse bildet die neue Verbindung zwischen Wohnraum und Garten. In der Materialwahl dominieren Holz in den T\u00fcrrahmungen und im Bodenbelag (hier als Steinzeugfliesen mit Holzmaserung) und glatt verputzte W\u00e4nde und helle Decken.<\/p>\n<p>&nbsp;<\/p>\n<p style=\"text-align: left;\"><i>[slideshow_deploy id=&#8217;739&#8217;&#093;<\/i><\/p>\n","protected":false},"excerpt":{"rendered":"<p>Umbau Erdgeschoss eines Einfamilienhauses &nbsp; Der Bauherr beabsichtigte, das freiwerdende Erdgeschoss seines Wohnhauses selbst als Wohn- und K\u00fcchenbereich zu nutzen. Da es [&hellip;]<\/p>\n","protected":false},"author":2,"featured_media":0,"parent":689,"menu_order":0,"comment_status":"closed","ping_status":"closed","template":"","meta":{"ngg_post_thumbnail":0,"footnotes":""},"class_list":["post-740","page","type-page","status-publish","hentry"],"_links":{"self":[{"href":"https:\/\/aib-kretzschmar.de\/cms\/index.php?rest_route=\/wp\/v2\/pages\/740","targetHints":{"allow":["GET"]}}],"collection":[{"href":"https:\/\/aib-kretzschmar.de\/cms\/index.php?rest_route=\/wp\/v2\/pages"}],"about":[{"href":"https:\/\/aib-kretzschmar.de\/cms\/index.php?rest_route=\/wp\/v2\/types\/page"}],"author":[{"embeddable":true,"href":"https:\/\/aib-kretzschmar.de\/cms\/index.php?rest_route=\/wp\/v2\/users\/2"}],"replies":[{"embeddable":true,"href":"https:\/\/aib-kretzschmar.de\/cms\/index.php?rest_route=%2Fwp%2Fv2%2Fcomments&post=740"}],"version-history":[{"count":7,"href":"https:\/\/aib-kretzschmar.de\/cms\/index.php?rest_route=\/wp\/v2\/pages\/740\/revisions"}],"predecessor-version":[{"id":966,"href":"https:\/\/aib-kretzschmar.de\/cms\/index.php?rest_route=\/wp\/v2\/pages\/740\/revisions\/966"}],"up":[{"embeddable":true,"href":"https:\/\/aib-kretzschmar.de\/cms\/index.php?rest_route=\/wp\/v2\/pages\/689"}],"wp:attachment":[{"href":"https:\/\/aib-kretzschmar.de\/cms\/index.php?rest_route=%2Fwp%2Fv2%2Fmedia&parent=740"}],"curies":[{"name":"wp","href":"https:\/\/api.w.org\/{rel}","templated":true}]}}