{"id":772,"date":"2014-07-10T13:14:33","date_gmt":"2014-07-10T12:14:33","guid":{"rendered":"http:\/\/aib-kretzschmar.de\/cms\/?page_id=772"},"modified":"2017-02-27T12:16:48","modified_gmt":"2017-02-27T11:16:48","slug":"2013-berufliches-schulzentrum-fuer-bau-und-oberflaechentechnik-zwickau","status":"publish","type":"page","link":"https:\/\/aib-kretzschmar.de\/cms\/?page_id=772","title":{"rendered":"2013 Berufliches Schulzentrum f\u00fcr Bau- und Oberfl\u00e4chentechnik Zwickau"},"content":{"rendered":"<h2 style=\"text-align: left;\"><span style=\"color: #008080;\">Sanierung Gesamtkomplex Berufliches Schulzentrum f\u00fcr Bau- und Oberfl\u00e4chentechnik Zwickau<\/span><\/h2>\n<p>&nbsp;<\/p>\n<p style=\"text-align: left;\">Die denkmalgesch\u00fctzte Berufschule an der Werdauer Stra\u00dfe in Zwickau wurde in den Jahren 2012-13 grundhaft saniert. Am in Bauetappen seit den 1930er Jahren errichtete Geb\u00e4ude wurden neben der energetischen Ert\u00fcchtigung der Au\u00dfenh\u00fclle umfangreiche Sanierungsarbeiten im Innenraum durchgef\u00fchrt. Neben der Erneuerung der kompletten Fussbodenaufbauten- und bel\u00e4ge und dem gro\u00dffl\u00e4chigen Einbau von Akustikdecken wurden in enger Abstimmung mit der Denkmalpflege und unter Einbeziehung einer restauratorichen Befunduntersuchung alle Oberfl\u00e4che in einer dem Entstehungszeitraum angelehnte Farbfassung \u00fcberarbeitet. Dies zeigt sich deutlich in der etagenweise differierenden kr\u00e4ftigen Farbgestaltung der T\u00fcrgew\u00e4nde und der ebenfalls im Hinblick auf den Brandschutz erneuerten Garderobenschr\u00e4nke in den Flurbereichen. Zwischen dem Kopfbau als \u00e4ltestem Geb\u00e4udeteil und dem bogenf\u00f6rmigen Verbindungsbau wurde ein neuer, zweigeschossiger Geb\u00e4udeteil anstelle eines eingeschossigen Baus errichtet. Im Neubau finden neben der Cafetaria und den zugeh\u00f6rigen Funktionsr\u00e4umen 4 neue Unterrichtsr\u00e4ume Platz, zwei davon durch eine mobile Trennwand zu einem gro\u00dfen Konferenzraum zusammenschaltbar. Um die Geb\u00e4udeh\u00fclle in unverbautem Originalzustand zu dokumentieren, wurde auf der Hofseite auf eine W\u00e4rmed\u00e4mmung verzichtet und lediglich der Fassadenputz als Strukturputz erneuert, um die historische Profilierung zu erhalten.<\/p>\n<p style=\"text-align: left;\"><i>[slideshow_deploy id=&#8217;771&#8217;&#093;<\/i><\/p>\n","protected":false},"excerpt":{"rendered":"<p>Sanierung Gesamtkomplex Berufliches Schulzentrum f\u00fcr Bau- und Oberfl\u00e4chentechnik Zwickau &nbsp; Die denkmalgesch\u00fctzte Berufschule an der Werdauer Stra\u00dfe in Zwickau wurde in den [&hellip;]<\/p>\n","protected":false},"author":2,"featured_media":0,"parent":689,"menu_order":0,"comment_status":"closed","ping_status":"closed","template":"","meta":{"ngg_post_thumbnail":0,"footnotes":""},"class_list":["post-772","page","type-page","status-publish","hentry"],"_links":{"self":[{"href":"https:\/\/aib-kretzschmar.de\/cms\/index.php?rest_route=\/wp\/v2\/pages\/772","targetHints":{"allow":["GET"]}}],"collection":[{"href":"https:\/\/aib-kretzschmar.de\/cms\/index.php?rest_route=\/wp\/v2\/pages"}],"about":[{"href":"https:\/\/aib-kretzschmar.de\/cms\/index.php?rest_route=\/wp\/v2\/types\/page"}],"author":[{"embeddable":true,"href":"https:\/\/aib-kretzschmar.de\/cms\/index.php?rest_route=\/wp\/v2\/users\/2"}],"replies":[{"embeddable":true,"href":"https:\/\/aib-kretzschmar.de\/cms\/index.php?rest_route=%2Fwp%2Fv2%2Fcomments&post=772"}],"version-history":[{"count":6,"href":"https:\/\/aib-kretzschmar.de\/cms\/index.php?rest_route=\/wp\/v2\/pages\/772\/revisions"}],"predecessor-version":[{"id":778,"href":"https:\/\/aib-kretzschmar.de\/cms\/index.php?rest_route=\/wp\/v2\/pages\/772\/revisions\/778"}],"up":[{"embeddable":true,"href":"https:\/\/aib-kretzschmar.de\/cms\/index.php?rest_route=\/wp\/v2\/pages\/689"}],"wp:attachment":[{"href":"https:\/\/aib-kretzschmar.de\/cms\/index.php?rest_route=%2Fwp%2Fv2%2Fmedia&parent=772"}],"curies":[{"name":"wp","href":"https:\/\/api.w.org\/{rel}","templated":true}]}}