{"id":812,"date":"2014-11-12T08:32:05","date_gmt":"2014-11-12T07:32:05","guid":{"rendered":"http:\/\/aib-kretzschmar.de\/cms\/?page_id=812"},"modified":"2017-02-27T12:16:13","modified_gmt":"2017-02-27T11:16:13","slug":"2014-wettbewerb-quartiersumgestaltung-hauptstrasse-zwickau","status":"publish","type":"page","link":"https:\/\/aib-kretzschmar.de\/cms\/?page_id=812","title":{"rendered":"2014 Wettbewerb Quartiersumgestaltung Hauptstra\u00dfe Zwickau"},"content":{"rendered":"<h2><span style=\"color: #008080;\">Quartiersumgestaltung Hauptstra\u00dfe 64-68 \/ Alter Steinweg 25-29<\/span><\/h2>\n<p>Die Geb\u00e4ude- und Grundst\u00fccksgesellschaft Zwickau beabsichtigt, dass innerst\u00e4dtische Quartier Hauptstra\u00dfe 64-68 \/ Alter Steinweg 25-29 perspektivisch umzugestalten. Dabei sollen bestehende Grundrissstrukturen \u00fcberformt und zeitgem\u00e4\u00df angepa\u00dft werden. Der Ansatz unseres B\u00fcros umfa\u00dft hierbei die Analyse der vorhandenen Bausubstanz, der Erschlie\u00dfung und momentanen Vermietung des Quartiers. Ziel ist eine, auch unter wirtschaftlichen Gesichtspunkten qualitative Aufwertung. Aus diesem Grund befa\u00dft sich der Wettbewerbsbeitrag fokusiert auf die sich baulich in schlechtem Zustand befindlichen Geb\u00e4ude 66 und 68. Durch die Neuerrichtung des Geb\u00e4udes Hauptstra\u00dfe 66 bei Erhaltung der historischen Stra\u00dfenfassade und der Optimierung der Erschlie\u00dfung erreichen wir eine barrierefreie Erreichbarkeit der Geb\u00e4ude Hauptstra\u00dfe 66-68 sowie des Alten Steinwegs 29. Um der in einer Vielzahl vorhandenen kleinen und mittelgro\u00dfen Wohnungen im Quartier eine ansprechende Erg\u00e4nzung zu geben, werden die Wohnungen der Hauptstra\u00dfe 66 als Etagenwohnungen ausgebildet, die gewisserma\u00dfen als Eigenheim in der Stadt betrachtet werden sollen. So wird letzlich ein gute Durchmischung der angebotenen Wohnungstypen erzielt. Den Innenhof halten wir aufgrund seiner weiterhin bestehenen Funktion als Zuwegung der Bewohner und Gewerbeanlieger weitestgehend frei und schaffen hier teilversenkte Stellpl\u00e4tze, die durch ihre Lage die Belichtungssituation aller Wohneinheiten nicht einschr\u00e4nken. Das sich nach S\u00fcden \u00f6ffnende Quartier beh\u00e4lt damit seinen unverschatteten Charakter.<\/p>\n<p><i>[slideshow_deploy id=&#8217;802&#8217;&#093;<\/i><\/p>\n","protected":false},"excerpt":{"rendered":"<p>Quartiersumgestaltung Hauptstra\u00dfe 64-68 \/ Alter Steinweg 25-29 Die Geb\u00e4ude- und Grundst\u00fccksgesellschaft Zwickau beabsichtigt, dass innerst\u00e4dtische Quartier Hauptstra\u00dfe 64-68 \/ Alter Steinweg 25-29 [&hellip;]<\/p>\n","protected":false},"author":2,"featured_media":0,"parent":699,"menu_order":2,"comment_status":"closed","ping_status":"closed","template":"","meta":{"ngg_post_thumbnail":0,"footnotes":""},"class_list":["post-812","page","type-page","status-publish","hentry"],"_links":{"self":[{"href":"https:\/\/aib-kretzschmar.de\/cms\/index.php?rest_route=\/wp\/v2\/pages\/812","targetHints":{"allow":["GET"]}}],"collection":[{"href":"https:\/\/aib-kretzschmar.de\/cms\/index.php?rest_route=\/wp\/v2\/pages"}],"about":[{"href":"https:\/\/aib-kretzschmar.de\/cms\/index.php?rest_route=\/wp\/v2\/types\/page"}],"author":[{"embeddable":true,"href":"https:\/\/aib-kretzschmar.de\/cms\/index.php?rest_route=\/wp\/v2\/users\/2"}],"replies":[{"embeddable":true,"href":"https:\/\/aib-kretzschmar.de\/cms\/index.php?rest_route=%2Fwp%2Fv2%2Fcomments&post=812"}],"version-history":[{"count":4,"href":"https:\/\/aib-kretzschmar.de\/cms\/index.php?rest_route=\/wp\/v2\/pages\/812\/revisions"}],"predecessor-version":[{"id":817,"href":"https:\/\/aib-kretzschmar.de\/cms\/index.php?rest_route=\/wp\/v2\/pages\/812\/revisions\/817"}],"up":[{"embeddable":true,"href":"https:\/\/aib-kretzschmar.de\/cms\/index.php?rest_route=\/wp\/v2\/pages\/699"}],"wp:attachment":[{"href":"https:\/\/aib-kretzschmar.de\/cms\/index.php?rest_route=%2Fwp%2Fv2%2Fmedia&parent=812"}],"curies":[{"name":"wp","href":"https:\/\/api.w.org\/{rel}","templated":true}]}}