{"id":849,"date":"2015-07-17T08:27:45","date_gmt":"2015-07-17T07:27:45","guid":{"rendered":"http:\/\/aib-kretzschmar.de\/cms\/?page_id=849"},"modified":"2016-04-28T14:17:00","modified_gmt":"2016-04-28T13:17:00","slug":"2015-2","status":"publish","type":"page","link":"https:\/\/aib-kretzschmar.de\/cms\/?page_id=849","title":{"rendered":"2015"},"content":{"rendered":"<div id=\"pl-849\"  class=\"panel-layout\" ><div id=\"pg-849-0\"  class=\"panel-grid panel-has-style\" ><div style=\"padding: 10px 0; \" data-overlay=\"true\" class=\"panel-row-style panel-row-style-for-849-0\" ><div id=\"pgc-849-0-0\"  class=\"panel-grid-cell\" ><div id=\"panel-849-0-0-0\" class=\"so-panel widget widget_sow-editor panel-first-child panel-last-child\" data-index=\"0\" ><div\n\t\t\t\n\t\t\tclass=\"so-widget-sow-editor so-widget-sow-editor-base\"\n\t\t\t\n\t\t>\n<div class=\"siteorigin-widget-tinymce textwidget\">\n\t<hr \/>\n<h4><span style=\"color: #333333;\"><a style=\"color: #333333;\" href=\"http:\/\/aib-kretzschmar.de\/cms\/?page_id=833\">Schule am Scheffelberg \/ 3. Bauabschnitt Hauptgeb\u00e4ude<\/a><\/span><\/h4>\n<hr \/>\n<h4><span style=\"color: #333333;\"><a style=\"color: #333333;\" href=\"http:\/\/aib-kretzschmar.de\/cms\/?page_id=859\">Sanierung Au\u00dfenh\u00fclle und Dach Wohngeb\u00e4ude Oberrothenbach<\/a><\/span><\/h4>\n<hr \/>\n<h4><span style=\"color: #333333;\"><a style=\"color: #333333;\" href=\"http:\/\/aib-kretzschmar.de\/cms\/?page_id=1068\">Fucikschule Zwickau, F\u00f6rdermittelantrag<\/a><\/span><\/h4>\n<hr \/>\n<p>\u00a0<\/p>\n<\/div>\n<\/div><\/div><\/div><\/div><\/div><\/div>","protected":false},"excerpt":{"rendered":"<p>Schule am Scheffelberg \/ 3. Bauabschnitt Hauptgeb\u00e4udeSanierung Au\u00dfenh\u00fclle und Dach Wohngeb\u00e4ude OberrothenbachFucikschule Zwickau, F\u00f6rdermittelantrag\u00a0<\/p>\n","protected":false},"author":2,"featured_media":0,"parent":9,"menu_order":1,"comment_status":"closed","ping_status":"open","template":"","meta":{"ngg_post_thumbnail":0,"footnotes":""},"class_list":["post-849","page","type-page","status-publish","hentry"],"_links":{"self":[{"href":"https:\/\/aib-kretzschmar.de\/cms\/index.php?rest_route=\/wp\/v2\/pages\/849","targetHints":{"allow":["GET"]}}],"collection":[{"href":"https:\/\/aib-kretzschmar.de\/cms\/index.php?rest_route=\/wp\/v2\/pages"}],"about":[{"href":"https:\/\/aib-kretzschmar.de\/cms\/index.php?rest_route=\/wp\/v2\/types\/page"}],"author":[{"embeddable":true,"href":"https:\/\/aib-kretzschmar.de\/cms\/index.php?rest_route=\/wp\/v2\/users\/2"}],"replies":[{"embeddable":true,"href":"https:\/\/aib-kretzschmar.de\/cms\/index.php?rest_route=%2Fwp%2Fv2%2Fcomments&post=849"}],"version-history":[{"count":14,"href":"https:\/\/aib-kretzschmar.de\/cms\/index.php?rest_route=\/wp\/v2\/pages\/849\/revisions"}],"predecessor-version":[{"id":1101,"href":"https:\/\/aib-kretzschmar.de\/cms\/index.php?rest_route=\/wp\/v2\/pages\/849\/revisions\/1101"}],"up":[{"embeddable":true,"href":"https:\/\/aib-kretzschmar.de\/cms\/index.php?rest_route=\/wp\/v2\/pages\/9"}],"wp:attachment":[{"href":"https:\/\/aib-kretzschmar.de\/cms\/index.php?rest_route=%2Fwp%2Fv2%2Fmedia&parent=849"}],"curies":[{"name":"wp","href":"https:\/\/api.w.org\/{rel}","templated":true}]}}